{"id":44616,"date":"2024-08-18T09:37:54","date_gmt":"2024-08-18T09:37:54","guid":{"rendered":"https:\/\/staging.nbg.eu\/product\/daa-primer-pickup-tubes-5-pack-small\/"},"modified":"2024-09-10T08:58:35","modified_gmt":"2024-09-10T08:58:35","slug":"daa-primer-opsamlingsror-5-pak-lille","status":"publish","type":"product","link":"https:\/\/staging.nbg.eu\/da\/vare\/daa-primer-opsamlingsror-5-pak-lille\/","title":{"rendered":"Daa Primer Opsamlingsr\u00f8r, 5-Pak, Lille"},"content":{"rendered":"<div class=\"product-description\">\n<h2>DAA F\u00e6ngh\u00e6tteoptager\u00f8r, 5-pak, sm\u00e5<\/h2>\n<p>L\u00f8ft din genladningsoplevelse med DAA F\u00e6ngh\u00e6tteoptager\u00f8r. Fremstillet af f\u00f8rsteklasses aluminium ved hj\u00e6lp af specialfremstillede ekstrusionsv\u00e6rkt\u00f8jer, tilbyder disse r\u00f8r uovertruffen n\u00f8jagtighed og finish. Den r\u00f8de anodiserede finish til sm\u00e5 f\u00e6ngh\u00e6tter sikrer nem identifikation og tilf\u00f8jer et elegant udseende.<\/p>\n<ul>\n<li>Ergonomisk opsamlingsende med bredere fingerst\u00f8tteomr\u00e5de forebygger h\u00e5ndtr\u00e6thed<\/li>\n<li>Redesignet spids med dobbelte t\u00e6nder for sikker f\u00e6ngh\u00e6ttegreb<\/li>\n<li>Gennemsigtige endestykker for nem f\u00e6ngh\u00e6ttesynlighed<\/li>\n<li>Fast-monterede ender forhindrer utilsigtet l\u00f8srivelse<\/li>\n<li>Konsekvent indvendig og udvendig affasning for optimal f\u00f8dning<\/li>\n<\/ul>\n<p>Oplev komforten og effektiviteten af DAA F\u00e6ngh\u00e6tteoptager\u00f8r i din genladningsproces. Opgrader dit setup i dag!<\/p>\n<\/div>\n","protected":false},"excerpt":{"rendered":"<p>DAA Primer opsamlingsr\u00f8r: 5-pak, sm\u00e5, r\u00f8deloxeret aluminium, ergonomisk design.<\/p>\n","protected":false},"featured_media":28037,"template":"","meta":{"_acf_changed":false},"product_brand":[11266],"product_cat":[13135,13089],"product_tag":[],"class_list":{"0":"post-44616","1":"product","2":"type-product","3":"status-publish","4":"has-post-thumbnail","6":"product_brand-doublealpha","7":"product_cat-genladning","8":"product_cat-genladningstilbehor","10":"first","11":"outofstock","12":"taxable","13":"shipping-taxable","14":"purchasable","15":"product-type-simple"},"acf":[],"_links":{"self":[{"href":"https:\/\/staging.nbg.eu\/da\/wp-json\/wp\/v2\/product\/44616","targetHints":{"allow":["GET"]}}],"collection":[{"href":"https:\/\/staging.nbg.eu\/da\/wp-json\/wp\/v2\/product"}],"about":[{"href":"https:\/\/staging.nbg.eu\/da\/wp-json\/wp\/v2\/types\/product"}],"wp:featuredmedia":[{"embeddable":true,"href":"https:\/\/staging.nbg.eu\/da\/wp-json\/wp\/v2\/media\/28037"}],"wp:attachment":[{"href":"https:\/\/staging.nbg.eu\/da\/wp-json\/wp\/v2\/media?parent=44616"}],"wp:term":[{"taxonomy":"product_brand","embeddable":true,"href":"https:\/\/staging.nbg.eu\/da\/wp-json\/wp\/v2\/product_brand?post=44616"},{"taxonomy":"product_cat","embeddable":true,"href":"https:\/\/staging.nbg.eu\/da\/wp-json\/wp\/v2\/product_cat?post=44616"},{"taxonomy":"product_tag","embeddable":true,"href":"https:\/\/staging.nbg.eu\/da\/wp-json\/wp\/v2\/product_tag?post=44616"}],"curies":[{"name":"wp","href":"https:\/\/api.w.org\/{rel}","templated":true}]}}