{"id":44562,"date":"2024-08-18T09:38:38","date_gmt":"2024-08-18T09:38:38","guid":{"rendered":"https:\/\/staging.nbg.eu\/product\/daa-primer-pro-collator-small-primer\/"},"modified":"2024-09-10T08:46:52","modified_gmt":"2024-09-10T08:46:52","slug":"daa-primer-pro-sorteringsmekanisme-lille-primer","status":"publish","type":"product","link":"https:\/\/staging.nbg.eu\/da\/vare\/daa-primer-pro-sorteringsmekanisme-lille-primer\/","title":{"rendered":"Daa Primer-Pro Sorteringsmekanisme Lille Primer"},"content":{"rendered":"<h2>Daa Primer-Pro Sorteringsmaskine til Sm\u00e5 F\u00e6ngh\u00e6tter<\/h2>\n<p>Revolutioner din genladningsproces med PRIMER-PRO fra Double-Alpha! Denne innovative, patentanmeldte enhed tilbyder en unik l\u00f8sning til h\u00e5ndtering af sm\u00e5 riffel- og pistolf\u00e6ngh\u00e6tter.<\/p>\n<ul>\n<li>Effektivt sorteringsdesign med 20 pr\u00e6cisionsformede kanaler<\/li>\n<li>P\u00e5lideligt afvisningssystem sikrer korrekt f\u00e6ngh\u00e6tteorientering<\/li>\n<li>Optisk sensor t\u00e6ller f\u00e6ngh\u00e6tter og stopper ved 100<\/li>\n<li>Intelligent forebyggelse af blokeringer og nem probleml\u00f8sning<\/li>\n<li>Innovativ udgangsarm for j\u00e6vn f\u00e6ngh\u00e6tteplacering<\/li>\n<li>Inkluderer en magnetisk krave til Dillon f\u00e6ngh\u00e6tter\u00f8r<\/li>\n<li>12V DC str\u00f8mforsyning med US\/EU-adaptere og 2m ledning<\/li>\n<\/ul>\n<p>Bem\u00e6rk: F\u00e6ngh\u00e6tter\u00f8r medf\u00f8lger ikke. Yderligere magnetiske kraver kan k\u00f8bes separat.<\/p>\n","protected":false},"excerpt":{"rendered":"<p>Effektiv, p\u00e5lidelig lille f\u00e6ngh\u00e6ttesamler til hurtig genladning.<\/p>\n","protected":false},"featured_media":28198,"template":"","meta":{"_acf_changed":false},"product_brand":[11266],"product_cat":[13135,13107],"product_tag":[],"class_list":{"0":"post-44562","1":"product","2":"type-product","3":"status-publish","4":"has-post-thumbnail","6":"product_brand-doublealpha","7":"product_cat-genladning","8":"product_cat-genladningsmaskiner","10":"first","11":"outofstock","12":"taxable","13":"shipping-taxable","14":"purchasable","15":"product-type-simple"},"acf":[],"_links":{"self":[{"href":"https:\/\/staging.nbg.eu\/da\/wp-json\/wp\/v2\/product\/44562","targetHints":{"allow":["GET"]}}],"collection":[{"href":"https:\/\/staging.nbg.eu\/da\/wp-json\/wp\/v2\/product"}],"about":[{"href":"https:\/\/staging.nbg.eu\/da\/wp-json\/wp\/v2\/types\/product"}],"wp:featuredmedia":[{"embeddable":true,"href":"https:\/\/staging.nbg.eu\/da\/wp-json\/wp\/v2\/media\/28198"}],"wp:attachment":[{"href":"https:\/\/staging.nbg.eu\/da\/wp-json\/wp\/v2\/media?parent=44562"}],"wp:term":[{"taxonomy":"product_brand","embeddable":true,"href":"https:\/\/staging.nbg.eu\/da\/wp-json\/wp\/v2\/product_brand?post=44562"},{"taxonomy":"product_cat","embeddable":true,"href":"https:\/\/staging.nbg.eu\/da\/wp-json\/wp\/v2\/product_cat?post=44562"},{"taxonomy":"product_tag","embeddable":true,"href":"https:\/\/staging.nbg.eu\/da\/wp-json\/wp\/v2\/product_tag?post=44562"}],"curies":[{"name":"wp","href":"https:\/\/api.w.org\/{rel}","templated":true}]}}