{"id":44471,"date":"2024-08-18T09:39:38","date_gmt":"2024-08-18T09:39:38","guid":{"rendered":"https:\/\/staging.nbg.eu\/product\/sordin-silicone-gel-replacement-ear-pads\/"},"modified":"2024-09-10T08:15:20","modified_gmt":"2024-09-10T08:15:20","slug":"sordin-silikone-gel-erstatnings-orepuder","status":"publish","type":"product","link":"https:\/\/staging.nbg.eu\/da\/vare\/sordin-silikone-gel-erstatnings-orepuder\/","title":{"rendered":"Sordin Silikone Gel Erstatnings \u00d8repuder"},"content":{"rendered":"<div class=\"product-description\">\n<h2>Sordin Silikone Gel Udskiftningspuder til \u00d8rer<\/h2>\n<p>Opgrader dine Sordin h\u00f8rev\u00e6rn med vores Silikone Gel Udskiftningss\u00e6t, som indeholder:<\/p>\n<ul>\n<li>2 Silikone Gel \u00d8repuder<\/li>\n<li>2 Isoleringspuder<\/li>\n<\/ul>\n<p>Oplev overlegen komfort og lydbeskyttelse med disse innovative gelpuder, der tilpasser sig dit hoveds konturer. Perfekte til brug med skydebriller, tilpasser de sig omkring brillest\u00e6ngerne for forbedret beskyttelse og komfort.<\/p>\n<p>Kompatible med alle Sordin-modeller: Supreme Pro, Pro-X og Pro+3. Nemme at installere uden behov for modificeringer.<\/p>\n<p>Forbedrer hygiejne og ydeevne ved regelm\u00e6ssig udskiftning af dine \u00f8repuder. Pr\u00f8v disse gelpuder for virkelig at v\u00e6rds\u00e6tte forskellen i komfort og lydisolering.<\/p>\n<\/div>\n","protected":false},"excerpt":{"rendered":"<p>Silikone gel \u00f8repuder til Sordin headsets. Forbedret komfort og lydbeskyttelse.<\/p>\n","protected":false},"featured_media":28589,"template":"","meta":{"_acf_changed":false},"product_brand":[],"product_cat":[13101,13106],"product_tag":[],"class_list":{"0":"post-44471","1":"product","2":"type-product","3":"status-publish","4":"has-post-thumbnail","6":"product_cat-horevaern","7":"product_cat-udstyr","9":"first","10":"outofstock","11":"taxable","12":"shipping-taxable","13":"purchasable","14":"product-type-simple"},"acf":[],"_links":{"self":[{"href":"https:\/\/staging.nbg.eu\/da\/wp-json\/wp\/v2\/product\/44471","targetHints":{"allow":["GET"]}}],"collection":[{"href":"https:\/\/staging.nbg.eu\/da\/wp-json\/wp\/v2\/product"}],"about":[{"href":"https:\/\/staging.nbg.eu\/da\/wp-json\/wp\/v2\/types\/product"}],"wp:featuredmedia":[{"embeddable":true,"href":"https:\/\/staging.nbg.eu\/da\/wp-json\/wp\/v2\/media\/28589"}],"wp:attachment":[{"href":"https:\/\/staging.nbg.eu\/da\/wp-json\/wp\/v2\/media?parent=44471"}],"wp:term":[{"taxonomy":"product_brand","embeddable":true,"href":"https:\/\/staging.nbg.eu\/da\/wp-json\/wp\/v2\/product_brand?post=44471"},{"taxonomy":"product_cat","embeddable":true,"href":"https:\/\/staging.nbg.eu\/da\/wp-json\/wp\/v2\/product_cat?post=44471"},{"taxonomy":"product_tag","embeddable":true,"href":"https:\/\/staging.nbg.eu\/da\/wp-json\/wp\/v2\/product_tag?post=44471"}],"curies":[{"name":"wp","href":"https:\/\/api.w.org\/{rel}","templated":true}]}}