{"id":44288,"date":"2024-08-18T19:23:04","date_gmt":"2024-09-10T07:48:28","guid":{"rendered":"https:\/\/staging.nbg.eu\/product\/d%d0%b0%d0%b0-ratchet-inner-belt\/"},"modified":"2024-09-10T07:49:16","modified_gmt":"2024-09-10T07:49:16","slug":"daa-ratchet-indvendigt-baelte","status":"publish","type":"product","link":"https:\/\/staging.nbg.eu\/da\/vare\/daa-ratchet-indvendigt-baelte\/","title":{"rendered":"DAA Ratchet Indvendigt B\u00e6lte"},"content":{"rendered":"<h2>DAA Skralde-inderb\u00e6lte<\/h2>\n<p>Oplev uovertruffen komfort med det innovative DAA Skralde-inderb\u00e6lte. Med en unik sammenklappelig sektion designet til at sidde under skralden eliminerer dette b\u00e6lte ubehagelige trykpunkter, n\u00e5r du strammer og forkorter det ydre b\u00e6lte.<\/p>\n<ul>\n<li>Sammenklappelig sektion uden plastikkerne eller velcro for nem foldning<\/li>\n<li>Spidse ender for nem tr\u00e6dning gennem buksestropper<\/li>\n<li>Overlegen komfort sammenlignet med traditionelle inderb\u00e6lter<\/li>\n<li>Fremstillet af samme h\u00f8je kvalitetsmaterialer som standard DAA inderb\u00e6lter<\/li>\n<\/ul>\n<p>Sig farvel til ubehag for\u00e5rsaget af h\u00e5rde materialer, der ikke nemt kan foldes. DAA Skralde-inderb\u00e6ltet sikrer en t\u00e6t pasform uden at g\u00e5 p\u00e5 kompromis med komforten, hvilket g\u00f8r det til det perfekte valg for kr\u00e6sne brugere, der kr\u00e6ver det bedste inden for b\u00e6lteteknologi.<\/p>\n","protected":false},"excerpt":{"rendered":"<p>Behageligt indvendigt b\u00e6lte med sammenfoldeligt afsnit til skraldesp\u00e6nder.<\/p>\n","protected":false},"featured_media":29049,"template":"","meta":{"_acf_changed":false},"product_brand":[11266],"product_cat":[13109,13106],"product_tag":[],"class_list":{"0":"post-44288","1":"product","2":"type-product","3":"status-publish","4":"has-post-thumbnail","6":"product_brand-doublealpha","7":"product_cat-sportsbaelter","8":"product_cat-udstyr","10":"first","11":"instock","12":"taxable","13":"shipping-taxable","14":"purchasable","15":"product-type-variable","16":"wvs-archive-product-wrapper"},"acf":[],"_links":{"self":[{"href":"https:\/\/staging.nbg.eu\/da\/wp-json\/wp\/v2\/product\/44288","targetHints":{"allow":["GET"]}}],"collection":[{"href":"https:\/\/staging.nbg.eu\/da\/wp-json\/wp\/v2\/product"}],"about":[{"href":"https:\/\/staging.nbg.eu\/da\/wp-json\/wp\/v2\/types\/product"}],"wp:featuredmedia":[{"embeddable":true,"href":"https:\/\/staging.nbg.eu\/da\/wp-json\/wp\/v2\/media\/29049"}],"wp:attachment":[{"href":"https:\/\/staging.nbg.eu\/da\/wp-json\/wp\/v2\/media?parent=44288"}],"wp:term":[{"taxonomy":"product_brand","embeddable":true,"href":"https:\/\/staging.nbg.eu\/da\/wp-json\/wp\/v2\/product_brand?post=44288"},{"taxonomy":"product_cat","embeddable":true,"href":"https:\/\/staging.nbg.eu\/da\/wp-json\/wp\/v2\/product_cat?post=44288"},{"taxonomy":"product_tag","embeddable":true,"href":"https:\/\/staging.nbg.eu\/da\/wp-json\/wp\/v2\/product_tag?post=44288"}],"curies":[{"name":"wp","href":"https:\/\/api.w.org\/{rel}","templated":true}]}}