{"id":44155,"date":"2024-08-18T19:27:11","date_gmt":"2024-09-10T07:41:28","guid":{"rendered":"https:\/\/staging.nbg.eu\/product\/flex-holster-lh-rh-aluminum-assembly\/"},"modified":"2024-09-10T07:42:12","modified_gmt":"2024-09-10T07:42:12","slug":"flex-hylster-lhrh-aluminium-samling","status":"publish","type":"product","link":"https:\/\/staging.nbg.eu\/da\/vare\/flex-hylster-lhrh-aluminium-samling\/","title":{"rendered":"Flex Hylster Lh\/Rh Aluminium Samling"},"content":{"rendered":"<h2>Flex Hylster Venstre\/H\u00f8jre Aluminium Samling<\/h2>\n<p>Flex Hylsteret er et premium, konkurrencedygtigt hylster designet til 1,5&#8243; brede b\u00e6lter, perfekt kompatibelt med DAA LYNX og Premium b\u00e6lter. N\u00f8glefunktioner inkluderer:<\/p>\n<ul>\n<li>Fuldt CNC-fr\u00e6set aluminiumskonstruktion for uovertruffen stivhed og holdbarhed<\/li>\n<li>Aftagelig b\u00e6ltekrog for nem transport og opbevaring<\/li>\n<li>Innovativt h\u00e6ldningsjusteringssystem for personlig komfort<\/li>\n<li>Medf\u00f8lgende l\u00e5rpude for \u00f8get stabilitet<\/li>\n<\/ul>\n<p>De unikke h\u00e6ldningsmuligheder giver dig mulighed for at placere hylsteret lodret eller i forskellige vinkler, hvilket sikrer optimal komfort uanset kropstype eller b\u00e6lteposition. Oplev det ultimative inden for tilpasning og ydeevne med Flex Hylsteret.<\/p>\n","protected":false},"excerpt":{"rendered":"<p>Holdbar CNC-aluminiumshylster med justerbar h\u00e6ldning og aftagelig oph\u00e6ng.<\/p>\n","protected":false},"featured_media":28865,"template":"","meta":{"_acf_changed":false},"product_brand":[11266],"product_cat":[13093,13126,13131,13106],"product_tag":[],"class_list":{"0":"post-44155","1":"product","2":"type-product","3":"status-publish","4":"has-post-thumbnail","6":"product_brand-doublealpha","7":"product_cat-hylster","8":"product_cat-hylstertilbehor","9":"product_cat-sporthylster","10":"product_cat-udstyr","12":"first","13":"instock","14":"taxable","15":"shipping-taxable","16":"purchasable","17":"product-type-variable","18":"wvs-archive-product-wrapper"},"acf":[],"_links":{"self":[{"href":"https:\/\/staging.nbg.eu\/da\/wp-json\/wp\/v2\/product\/44155","targetHints":{"allow":["GET"]}}],"collection":[{"href":"https:\/\/staging.nbg.eu\/da\/wp-json\/wp\/v2\/product"}],"about":[{"href":"https:\/\/staging.nbg.eu\/da\/wp-json\/wp\/v2\/types\/product"}],"wp:featuredmedia":[{"embeddable":true,"href":"https:\/\/staging.nbg.eu\/da\/wp-json\/wp\/v2\/media\/28865"}],"wp:attachment":[{"href":"https:\/\/staging.nbg.eu\/da\/wp-json\/wp\/v2\/media?parent=44155"}],"wp:term":[{"taxonomy":"product_brand","embeddable":true,"href":"https:\/\/staging.nbg.eu\/da\/wp-json\/wp\/v2\/product_brand?post=44155"},{"taxonomy":"product_cat","embeddable":true,"href":"https:\/\/staging.nbg.eu\/da\/wp-json\/wp\/v2\/product_cat?post=44155"},{"taxonomy":"product_tag","embeddable":true,"href":"https:\/\/staging.nbg.eu\/da\/wp-json\/wp\/v2\/product_tag?post=44155"}],"curies":[{"name":"wp","href":"https:\/\/api.w.org\/{rel}","templated":true}]}}