{"id":44056,"date":"2024-03-14T09:38:02","date_gmt":"2024-03-14T09:38:02","guid":{"rendered":"https:\/\/staging.nbg.eu\/product\/vare-5\/"},"modified":"2024-09-13T10:01:34","modified_gmt":"2024-09-13T10:01:34","slug":"bore-tech-bomuldspinde-100-stk","status":"publish","type":"product","link":"https:\/\/staging.nbg.eu\/da\/vare\/bore-tech-bomuldspinde-100-stk\/","title":{"rendered":"Bore Tech BOMULDSPINDE &#8211; 100 STK"},"content":{"rendered":"<p>Bore Tech&#8217;s Vatpinde: Til punktrensning og pr\u00e6cis p\u00e5f\u00f8ring af opl\u00f8sningsmiddel. Egenskaber:<\/p>\n<ul>\n<li>Bomuldsspids med lav fnugafgivelse<\/li>\n<li>15 cm fleksibelt bambush\u00e5ndtag<\/li>\n<li>Velegnet til AR-dele, aftr\u00e6kkersystemer og sv\u00e6rt tilg\u00e6ngelige omr\u00e5der<\/li>\n<li>Til p\u00e5f\u00f8ring af fedt og reng\u00f8ring af sm\u00e5 fordybninger<\/li>\n<\/ul>\n<p>Pakke med 100 stk. til vedligeholdelse af skydev\u00e5ben.<\/p>\n","protected":false},"excerpt":{"rendered":"<p>Pr\u00e6cisions-reng\u00f8ringspinde til skydev\u00e5ben. 15 cm bambush\u00e5ndtag, fnugfri spids.<\/p>\n","protected":false},"featured_media":44057,"template":"","meta":{"_acf_changed":false},"product_brand":[11148],"product_cat":[13147,13120],"product_tag":[],"class_list":{"0":"post-44056","1":"product","2":"type-product","3":"status-publish","4":"has-post-thumbnail","6":"product_brand-boretech","7":"product_cat-borster","8":"product_cat-vabenrensning","10":"first","11":"instock","12":"taxable","13":"shipping-taxable","14":"purchasable","15":"product-type-simple"},"acf":[],"_links":{"self":[{"href":"https:\/\/staging.nbg.eu\/da\/wp-json\/wp\/v2\/product\/44056","targetHints":{"allow":["GET"]}}],"collection":[{"href":"https:\/\/staging.nbg.eu\/da\/wp-json\/wp\/v2\/product"}],"about":[{"href":"https:\/\/staging.nbg.eu\/da\/wp-json\/wp\/v2\/types\/product"}],"wp:featuredmedia":[{"embeddable":true,"href":"https:\/\/staging.nbg.eu\/da\/wp-json\/wp\/v2\/media\/44057"}],"wp:attachment":[{"href":"https:\/\/staging.nbg.eu\/da\/wp-json\/wp\/v2\/media?parent=44056"}],"wp:term":[{"taxonomy":"product_brand","embeddable":true,"href":"https:\/\/staging.nbg.eu\/da\/wp-json\/wp\/v2\/product_brand?post=44056"},{"taxonomy":"product_cat","embeddable":true,"href":"https:\/\/staging.nbg.eu\/da\/wp-json\/wp\/v2\/product_cat?post=44056"},{"taxonomy":"product_tag","embeddable":true,"href":"https:\/\/staging.nbg.eu\/da\/wp-json\/wp\/v2\/product_tag?post=44056"}],"curies":[{"name":"wp","href":"https:\/\/api.w.org\/{rel}","templated":true}]}}