{"id":414485,"date":"2025-07-03T12:07:44","date_gmt":"2025-07-03T09:07:44","guid":{"rendered":"https:\/\/staging.nbg.eu\/product\/grips-kmr-w-dotmatrix-ergo-black\/"},"modified":"2025-07-03T12:10:31","modified_gmt":"2025-07-03T09:10:31","slug":"greb-kmr-w-dotmatrix-ergo-sort","status":"publish","type":"product","link":"https:\/\/staging.nbg.eu\/da\/vare\/greb-kmr-w-dotmatrix-ergo-sort\/","title":{"rendered":"GREB KMR W DOTMATRIX ERGO SORT"},"content":{"rendered":"<div class=\"product-description\">\n<h2>GREB KMR W DOTMATRIX ERGO SORT<\/h2>\n<p>Disse duralumin-greb til KMR-pistoler har et golfbold-m\u00f8nster for bedre greb. De er egnede til opgraderinger eller konkurrencev\u00e5ben og sikrer god h\u00e5ndtering. Kompatible med KMR W-02 CUDA (indtil 2023), UMBRA og UMBRA (OR) modeller.<\/p>\n<p><strong>Reference:<\/strong> 0611-03305-0101<\/p>\n<p><strong>M\u00e6rke:<\/strong> KMR Precision Arms<\/p>\n<\/div>\n","protected":false},"excerpt":{"rendered":"<p>Holdbare greb med golfbold-m\u00f8nster til KMR-pistoler.<\/p>\n","protected":false},"featured_media":359352,"template":"","meta":{"_acf_changed":false},"product_brand":[11506],"product_cat":[13091,13140],"product_tag":[],"class_list":{"0":"post-414485","1":"product","2":"type-product","3":"status-publish","4":"has-post-thumbnail","6":"product_brand-kmr-precision","7":"product_cat-kmr-dele","8":"product_cat-pistoldele","10":"first","11":"instock","12":"taxable","13":"shipping-taxable","14":"purchasable","15":"product-type-simple"},"acf":[],"_links":{"self":[{"href":"https:\/\/staging.nbg.eu\/da\/wp-json\/wp\/v2\/product\/414485","targetHints":{"allow":["GET"]}}],"collection":[{"href":"https:\/\/staging.nbg.eu\/da\/wp-json\/wp\/v2\/product"}],"about":[{"href":"https:\/\/staging.nbg.eu\/da\/wp-json\/wp\/v2\/types\/product"}],"wp:featuredmedia":[{"embeddable":true,"href":"https:\/\/staging.nbg.eu\/da\/wp-json\/wp\/v2\/media\/359352"}],"wp:attachment":[{"href":"https:\/\/staging.nbg.eu\/da\/wp-json\/wp\/v2\/media?parent=414485"}],"wp:term":[{"taxonomy":"product_brand","embeddable":true,"href":"https:\/\/staging.nbg.eu\/da\/wp-json\/wp\/v2\/product_brand?post=414485"},{"taxonomy":"product_cat","embeddable":true,"href":"https:\/\/staging.nbg.eu\/da\/wp-json\/wp\/v2\/product_cat?post=414485"},{"taxonomy":"product_tag","embeddable":true,"href":"https:\/\/staging.nbg.eu\/da\/wp-json\/wp\/v2\/product_tag?post=414485"}],"curies":[{"name":"wp","href":"https:\/\/api.w.org\/{rel}","templated":true}]}}