{"id":411414,"date":"2025-07-01T17:09:05","date_gmt":"2025-07-01T14:09:05","guid":{"rendered":"https:\/\/staging.nbg.eu\/product\/grips-kmr-w-modular-sandpaper-black\/"},"modified":"2025-07-01T17:11:54","modified_gmt":"2025-07-01T14:11:54","slug":"greb-kmr-w-modulaer-sandpapir-sort","status":"publish","type":"product","link":"https:\/\/staging.nbg.eu\/da\/vare\/greb-kmr-w-modulaer-sandpapir-sort\/","title":{"rendered":"GREB KMR W MODUL\u00c6R SANDPAPIR SORT"},"content":{"rendered":"<h2>GRIPS KMR W MODUL\u00c6RT SANDPAPIR SORT<\/h2>\n<p>KMR W Modul\u00e6rt Sandpapir Sort er et greb til skydev\u00e5ben. Dette lange greb er lavet af anodiseret duralumin og er uden magasinf\u00f8ring. Det har KMR-logoet og en modul\u00e6r design. Installation sker med medf\u00f8lgende torx-skruer.<\/p>\n<ul>\n<li>St\u00f8rrelse: Lang<\/li>\n<li>Materiale: Anodiseret duralumin<\/li>\n<li>Brug: Uden magasinf\u00f8ring<\/li>\n<li>Inkluderer: Torx-skruer<\/li>\n<li>Logo: KMR<\/li>\n<\/ul>\n<p><strong>Reference:<\/strong> 0611-03304-0101<\/p>\n","protected":false},"excerpt":{"rendered":"<p>Langt, holdbart anodiseret duralumin-greb.<\/p>\n","protected":false},"featured_media":359265,"template":"","meta":{"_acf_changed":false},"product_brand":[11506],"product_cat":[13091,13140],"product_tag":[],"class_list":{"0":"post-411414","1":"product","2":"type-product","3":"status-publish","4":"has-post-thumbnail","6":"product_brand-kmr-precision","7":"product_cat-kmr-dele","8":"product_cat-pistoldele","10":"first","11":"instock","12":"taxable","13":"shipping-taxable","14":"purchasable","15":"product-type-simple"},"acf":[],"_links":{"self":[{"href":"https:\/\/staging.nbg.eu\/da\/wp-json\/wp\/v2\/product\/411414","targetHints":{"allow":["GET"]}}],"collection":[{"href":"https:\/\/staging.nbg.eu\/da\/wp-json\/wp\/v2\/product"}],"about":[{"href":"https:\/\/staging.nbg.eu\/da\/wp-json\/wp\/v2\/types\/product"}],"wp:featuredmedia":[{"embeddable":true,"href":"https:\/\/staging.nbg.eu\/da\/wp-json\/wp\/v2\/media\/359265"}],"wp:attachment":[{"href":"https:\/\/staging.nbg.eu\/da\/wp-json\/wp\/v2\/media?parent=411414"}],"wp:term":[{"taxonomy":"product_brand","embeddable":true,"href":"https:\/\/staging.nbg.eu\/da\/wp-json\/wp\/v2\/product_brand?post=411414"},{"taxonomy":"product_cat","embeddable":true,"href":"https:\/\/staging.nbg.eu\/da\/wp-json\/wp\/v2\/product_cat?post=411414"},{"taxonomy":"product_tag","embeddable":true,"href":"https:\/\/staging.nbg.eu\/da\/wp-json\/wp\/v2\/product_tag?post=411414"}],"curies":[{"name":"wp","href":"https:\/\/api.w.org\/{rel}","templated":true}]}}