{"id":411000,"date":"2025-07-01T16:45:20","date_gmt":"2025-07-01T13:45:20","guid":{"rendered":"https:\/\/staging.nbg.eu\/product\/surefire-ep7-bk-mpr-bulk-ear-plugs\/"},"modified":"2025-07-01T16:48:19","modified_gmt":"2025-07-01T13:48:19","slug":"surefire-ep7-bk-mpr-bulk-orepropper","status":"publish","type":"product","link":"https:\/\/staging.nbg.eu\/da\/vare\/surefire-ep7-bk-mpr-bulk-orepropper\/","title":{"rendered":"Surefire EP7-BK-MPR-BULK \u00d8repropper"},"content":{"rendered":"<div class=\"product-description\">\n<h2>Surefire EP7-BK-MPR-BULK \u00d8repropper<\/h2>\n<h2>H\u00f8rebeskyttelse<\/h2>\n<p>Surefire EP7 Sonic Defenders Ultra \u00f8repropper tilbyder h\u00f8rebeskyttelse uden at kompromittere evnen til at h\u00f8re vigtige lyde. Med en st\u00f8jreduktionsgrad (NRR) p\u00e5 28 dB beskytter disse \u00f8repropper mod st\u00f8jinduceret h\u00f8retab (NIHL).<\/p>\n<h3>Vigtige egenskaber:<\/h3>\n<ul>\n<li>Patenteret design med skumspidser med bl\u00f8de Comply\u2122 kanalspidser<\/li>\n<li>28-dB st\u00f8jreduktionsgrad (NRR) med indsatte filterpropper<\/li>\n<li>Tillader sikre lydniveauer at passere igennem, mens skadelig st\u00f8j over 85 dB reduceres<\/li>\n<li>EarLock\u00ae fastholdelsesfunktion med syv kontaktpunkter for sikker pasform<\/li>\n<li>Fremstillet af hypoallergen, medicinsk polymer for komfort og holdbarhed<\/li>\n<li>Lavprofil design kompatibelt med masker, hjelme og hovedtelefoner<\/li>\n<li>P\u00e5s\u00e6ttelige filterpropper for yderligere beskyttelse i st\u00f8jende milj\u00f8er<\/li>\n<li>Kompatibel med forskellige radiokommunikationssystemer<\/li>\n<\/ul>\n<h3>Yderligere information:<\/h3>\n<ul>\n<li>F\u00e5s i klar, sort eller orange<\/li>\n<li>Inkluderer 66 cm polymernakkesnor og ekstra par Comply\u2122 kanalspidser<\/li>\n<li>St\u00f8rrelser: Sm\u00e5 (S), Medium (M) og Store (L)<\/li>\n<li>Overensstemmelseserkl\u00e6ring tilg\u00e6ngelig p\u00e5 surefire.com\/doc-ep7<\/li>\n<\/ul>\n<p>Beskyt din h\u00f8relse uden at ofre situationsbevidsthed. Surefire EP7 Sonic Defenders Ultra \u00f8repropper er en l\u00f8sning til b\u00e5de professionel og rekreativ brug, der tilbyder komfort, alsidighed og h\u00f8rebeskyttelse.<\/p>\n<\/div>\n","protected":false},"excerpt":{"rendered":"<p>Beskyttende \u00f8repropper med 28dB NRR. Tillader sikre lyde. Behagelige skumspidser.<\/p>\n","protected":false},"featured_media":399760,"template":"","meta":{"_acf_changed":false},"product_brand":[11861],"product_cat":[13101,13106],"product_tag":[],"class_list":{"0":"post-411000","1":"product","2":"type-product","3":"status-publish","4":"has-post-thumbnail","6":"product_brand-surefire","7":"product_cat-horevaern","8":"product_cat-udstyr","10":"first","11":"instock","12":"taxable","13":"shipping-taxable","14":"purchasable","15":"product-type-simple"},"acf":[],"_links":{"self":[{"href":"https:\/\/staging.nbg.eu\/da\/wp-json\/wp\/v2\/product\/411000","targetHints":{"allow":["GET"]}}],"collection":[{"href":"https:\/\/staging.nbg.eu\/da\/wp-json\/wp\/v2\/product"}],"about":[{"href":"https:\/\/staging.nbg.eu\/da\/wp-json\/wp\/v2\/types\/product"}],"wp:featuredmedia":[{"embeddable":true,"href":"https:\/\/staging.nbg.eu\/da\/wp-json\/wp\/v2\/media\/399760"}],"wp:attachment":[{"href":"https:\/\/staging.nbg.eu\/da\/wp-json\/wp\/v2\/media?parent=411000"}],"wp:term":[{"taxonomy":"product_brand","embeddable":true,"href":"https:\/\/staging.nbg.eu\/da\/wp-json\/wp\/v2\/product_brand?post=411000"},{"taxonomy":"product_cat","embeddable":true,"href":"https:\/\/staging.nbg.eu\/da\/wp-json\/wp\/v2\/product_cat?post=411000"},{"taxonomy":"product_tag","embeddable":true,"href":"https:\/\/staging.nbg.eu\/da\/wp-json\/wp\/v2\/product_tag?post=411000"}],"curies":[{"name":"wp","href":"https:\/\/api.w.org\/{rel}","templated":true}]}}