{"id":410719,"date":"2025-07-01T16:29:42","date_gmt":"2025-07-01T13:29:42","guid":{"rendered":"https:\/\/staging.nbg.eu\/product\/surefire-csm-09-push-button-switch\/"},"modified":"2025-07-01T16:32:38","modified_gmt":"2025-07-01T13:32:38","slug":"surefire-csm-09-trykknap-kontakt","status":"publish","type":"product","link":"https:\/\/staging.nbg.eu\/da\/vare\/surefire-csm-09-trykknap-kontakt\/","title":{"rendered":"Surefire CSM-09 Trykknap Kontakt"},"content":{"rendered":"<div class=\"product-description\">\n<h2>Surefire CSM-09 Trykknap Kontakt<\/h2>\n<h2>Fjernbetjening. Pladsbesparende.<\/h2>\n<p>CSM-09 Trykknap Kontakt er en l\u00f8sning til fjernaktivering af din SureFire v\u00e5benlygte, samtidig med at den maksimerer skinne-plads p\u00e5 dit v\u00e5ben. Denne kompakte kontakt tilbyder b\u00e5de momentan og konstant aktivering fra en enkelt betjening.<\/p>\n<h3>Vigtige funktioner:<\/h3>\n<ul>\n<li>Fjernaktivering til SureFire v\u00e5benlygter med kontaktstik<\/li>\n<li>Kompakt design til effektiv udnyttelse af skinne-plads<\/li>\n<li>Nem montering p\u00e5 M-LOK skinner<\/li>\n<li>Vejrbestandig konstruktion til p\u00e5lidelig brug under alle forhold<\/li>\n<li>9-tommer kabel egnet til de fleste riffel\/karabin-anvendelser<\/li>\n<\/ul>\n<h3>Kompatibilitet:<\/h3>\n<p>CSM-09 er kompatibel med en r\u00e6kke SureFire v\u00e5benlygter, herunder:<\/p>\n<ul>\n<li>Millennium Universal<\/li>\n<li>Classic Universal<\/li>\n<li>Scout Light (med kontaktstik-endestykke)<\/li>\n<li>X300<\/li>\n<li>X400 (med XT endestykke)<\/li>\n<\/ul>\n<h3>Betjening:<\/h3>\n<p>Aktiver din v\u00e5benlygte:<\/p>\n<ul>\n<li>Let tryk for momentan aktivering<\/li>\n<li>Klik igennem for konstant aktivering<\/li>\n<\/ul>\n<p>CSM-09 Trykknap Kontakt er fremstillet efter SureFires standarder og sikrer, at din v\u00e5benlygte er klar, n\u00e5r du har brug for den. Den er holdbar og pr\u00e6cis til taktisk belysning.<\/p>\n<\/div>\n","protected":false},"excerpt":{"rendered":"<p>Kompakt M-LOK fjernbetjening til SureFire v\u00e5benlygter. \u00d8jeblikkelig og konstant t\u00e6nding.<\/p>\n","protected":false},"featured_media":399885,"template":"","meta":{"_acf_changed":false},"product_brand":[11861],"product_cat":[13130,13154],"product_tag":[],"class_list":{"0":"post-410719","1":"product","2":"type-product","3":"status-publish","4":"has-post-thumbnail","6":"product_brand-surefire","7":"product_cat-lygter","8":"product_cat-lygtetilbehor","10":"first","11":"instock","12":"taxable","13":"shipping-taxable","14":"purchasable","15":"product-type-simple"},"acf":[],"_links":{"self":[{"href":"https:\/\/staging.nbg.eu\/da\/wp-json\/wp\/v2\/product\/410719","targetHints":{"allow":["GET"]}}],"collection":[{"href":"https:\/\/staging.nbg.eu\/da\/wp-json\/wp\/v2\/product"}],"about":[{"href":"https:\/\/staging.nbg.eu\/da\/wp-json\/wp\/v2\/types\/product"}],"wp:featuredmedia":[{"embeddable":true,"href":"https:\/\/staging.nbg.eu\/da\/wp-json\/wp\/v2\/media\/399885"}],"wp:attachment":[{"href":"https:\/\/staging.nbg.eu\/da\/wp-json\/wp\/v2\/media?parent=410719"}],"wp:term":[{"taxonomy":"product_brand","embeddable":true,"href":"https:\/\/staging.nbg.eu\/da\/wp-json\/wp\/v2\/product_brand?post=410719"},{"taxonomy":"product_cat","embeddable":true,"href":"https:\/\/staging.nbg.eu\/da\/wp-json\/wp\/v2\/product_cat?post=410719"},{"taxonomy":"product_tag","embeddable":true,"href":"https:\/\/staging.nbg.eu\/da\/wp-json\/wp\/v2\/product_tag?post=410719"}],"curies":[{"name":"wp","href":"https:\/\/api.w.org\/{rel}","templated":true}]}}