{"id":410410,"date":"2025-05-09T10:48:01","date_gmt":"2025-05-09T07:48:01","guid":{"rendered":"https:\/\/staging.nbg.eu\/product\/surefire-csp-07-push-button-switch\/"},"modified":"2025-07-01T16:09:23","modified_gmt":"2025-07-01T13:09:23","slug":"surefire-csp-07-trykknap-kontakt","status":"publish","type":"product","link":"https:\/\/staging.nbg.eu\/da\/vare\/surefire-csp-07-trykknap-kontakt\/","title":{"rendered":"Surefire CSP-07 Trykknap Kontakt"},"content":{"rendered":"<div class=\"product-description\">\n<h2>Surefire CSP-07 Trykknap-kontakt<\/h2>\n<h2>Fjernbetjening. Pladsbesparende.<\/h2>\n<p>CSP-07 trykknap-kontakten er en l\u00f8sning til fjernaktivering af din SureFire v\u00e5benlygte, mens den sparer plads p\u00e5 dit v\u00e5bens skinne. Denne kompakte kontakt tilbyder b\u00e5de \u00f8jeblikkelig og konstant t\u00e6nding fra en enkelt kontrol.<\/p>\n<h3>Hovedfunktioner:<\/h3>\n<ul>\n<li>Fjernaktivering til SureFire v\u00e5benlygter med stikfatninger<\/li>\n<li>Kompakt design til effektiv udnyttelse af skinneplads<\/li>\n<li>\u00d8jeblikkelig t\u00e6nding ved let tryk, konstant t\u00e6nding ved fuldt klik<\/li>\n<li>Kabinet i polymer<\/li>\n<li>Nem montering p\u00e5 Picatinny-skinner<\/li>\n<li>7-tommer kabel egnet til de fleste riffel\/karabin-anvendelser<\/li>\n<li>Vejrbestandig kontakt og stik<\/li>\n<\/ul>\n<h3>Kompatibilitet:<\/h3>\n<p>CSP-07 er kompatibel med SureFire v\u00e5benlygter med stikfatninger, herunder:<\/p>\n<ul>\n<li>Millennium Universal<\/li>\n<li>Classic Universal<\/li>\n<li>Scout Light (med stikfatning)<\/li>\n<li>X300<\/li>\n<li>X400 (med XT endestykke)<\/li>\n<\/ul>\n<h3>Hvorfor v\u00e6lge CSP-07?<\/h3>\n<p>CSP-07 er designet efter SureFires standarder. Dens pladsbesparende design og installation uden v\u00e6rkt\u00f8j g\u00f8r den velegnet til professionelle og entusiaster. CSP-07 leverer \u00f8jeblikkelig belysning i enhver situation.<\/p>\n<\/div>\n","protected":false},"excerpt":{"rendered":"<p>Fjernaktivering af v\u00e5benlys. Kompakt design. Momentan og konstant t\u00e6ndt-tilstand.<\/p>\n","protected":false},"featured_media":399932,"template":"","meta":{"_acf_changed":false},"product_brand":[11861],"product_cat":[13130,13154],"product_tag":[],"class_list":{"0":"post-410410","1":"product","2":"type-product","3":"status-publish","4":"has-post-thumbnail","6":"product_brand-surefire","7":"product_cat-lygter","8":"product_cat-lygtetilbehor","10":"first","11":"instock","12":"taxable","13":"shipping-taxable","14":"purchasable","15":"product-type-simple"},"acf":[],"_links":{"self":[{"href":"https:\/\/staging.nbg.eu\/da\/wp-json\/wp\/v2\/product\/410410","targetHints":{"allow":["GET"]}}],"collection":[{"href":"https:\/\/staging.nbg.eu\/da\/wp-json\/wp\/v2\/product"}],"about":[{"href":"https:\/\/staging.nbg.eu\/da\/wp-json\/wp\/v2\/types\/product"}],"wp:featuredmedia":[{"embeddable":true,"href":"https:\/\/staging.nbg.eu\/da\/wp-json\/wp\/v2\/media\/399932"}],"wp:attachment":[{"href":"https:\/\/staging.nbg.eu\/da\/wp-json\/wp\/v2\/media?parent=410410"}],"wp:term":[{"taxonomy":"product_brand","embeddable":true,"href":"https:\/\/staging.nbg.eu\/da\/wp-json\/wp\/v2\/product_brand?post=410410"},{"taxonomy":"product_cat","embeddable":true,"href":"https:\/\/staging.nbg.eu\/da\/wp-json\/wp\/v2\/product_cat?post=410410"},{"taxonomy":"product_tag","embeddable":true,"href":"https:\/\/staging.nbg.eu\/da\/wp-json\/wp\/v2\/product_tag?post=410410"}],"curies":[{"name":"wp","href":"https:\/\/api.w.org\/{rel}","templated":true}]}}