{"id":408031,"date":"2025-07-01T12:00:25","date_gmt":"2025-07-01T09:00:25","guid":{"rendered":"https:\/\/staging.nbg.eu\/product\/surefire-m640df-bk-pro-scout-light-pro-black\/"},"modified":"2025-07-01T12:04:00","modified_gmt":"2025-07-01T09:04:00","slug":"surefire-m640df-bk-pro-scout-light-pro-sort","status":"publish","type":"product","link":"https:\/\/staging.nbg.eu\/da\/vare\/surefire-m640df-bk-pro-scout-light-pro-sort\/","title":{"rendered":"Surefire M640DF-BK-PRO Scout Light Pro, Sort"},"content":{"rendered":"<div class=\"product-description\">\n<h2>Surefire M640DF-BK-PRO Scout Light Pro, Sort<\/h2>\n<p>Dual Fuel Scout Light\u00ae Pro er en v\u00e5benlygte, der kombinerer afpr\u00f8vede elementer med ny teknologi. Dette belysningsv\u00e6rkt\u00f8j er designet til brug i taktiske situationer.<\/p>\n<h2>Hovedfunktioner:<\/h2>\n<ul>\n<li>Leverer op til 1.500 lumens hvidt lys<\/li>\n<li>Dual Fuel-funktion: Bruger enten SF18650B genopladelig eller to 123A lithiumbatterier<\/li>\n<li>Lavprofil montering (LPM) til optimal positionering<\/li>\n<li>Hybridlysm\u00f8nster til b\u00e5de langdistance identifikation og situationsbevidsthed<\/li>\n<li>H\u00f8jtydende LED<\/li>\n<li>Mil-Spec h\u00e5rd-anodiseret aluminiumskonstruktion<\/li>\n<\/ul>\n<h2>Alsidighed og ydelse:<\/h2>\n<p>M640DF-BK-PRO har en ny lavprofil montering (LPM), der giver fleksibilitet i positionering. Kompatibel med b\u00e5de MIL-STD-1913 og M-LOK skinnesystemer. LED&#8217;en giver 1.500 lumens med SF18650B batteri eller 1.200 lumens med 123A batterier, med en balance mellem r\u00e6kkevidde og omgivende lys gennem en Total Internal Reflection (TIR) linse.<\/p>\n<h2>Konstrueret til h\u00e5rde forhold:<\/h2>\n<p>Fremstillet af aerospace aluminium med Mil-Spec h\u00e5rd-anodiseret overflade. O-ringsforseglinger giver IPX7 vandt\u00e6thed. Det h\u00e6rdede vindue og robuste konstruktion g\u00f8r den modstandsdygtig.<\/p>\n<h2>Taktisk anvendelse:<\/h2>\n<p>Med en maksimal lysintensitet p\u00e5 16.000 candela og en r\u00e6kkevidde p\u00e5 op til 250 meter. Z68 moment\u00e6r\/konstant-t\u00e6nd trykknap, beskyttet af en taktisk sk\u00e6rm, giver p\u00e5lidelig aktivering.<\/p>\n<h2>Tekniske specifikationer:<\/h2>\n<ul>\n<li>L\u00e6ngde: 14,1 cm<\/li>\n<li>V\u00e6gt med batterier: 156 g<\/li>\n<li>Frontdiameter: 2,9 cm<\/li>\n<li>Effekt: H\u00f8j &#8211; 1.500 lumens (SF18650B) \/ 1.200 lumens (123A)<\/li>\n<li>Driftstid: 1,5 timer (SF18650B) \/ 1,25 timer (123A)<\/li>\n<\/ul>\n<p>Surefire M640DF-BK-PRO Scout Light Pro er en v\u00e5benlygte til brug i forskellige milj\u00f8er.<\/p>\n<\/div>\n","protected":false},"excerpt":{"rendered":"<p>Kraftfuld 1.500-lumen taktisk lygte med alsidig montering til brug p\u00e5 kort og lang afstand.<\/p>\n","protected":false},"featured_media":400334,"template":"","meta":{"_acf_changed":false},"product_brand":[11861],"product_cat":[13130,13090],"product_tag":[],"class_list":{"0":"post-408031","1":"product","2":"type-product","3":"status-publish","4":"has-post-thumbnail","6":"product_brand-surefire","7":"product_cat-lygter","8":"product_cat-riffellygter","10":"first","11":"instock","12":"taxable","13":"shipping-taxable","14":"purchasable","15":"product-type-variable","16":"wvs-archive-product-wrapper"},"acf":[],"_links":{"self":[{"href":"https:\/\/staging.nbg.eu\/da\/wp-json\/wp\/v2\/product\/408031","targetHints":{"allow":["GET"]}}],"collection":[{"href":"https:\/\/staging.nbg.eu\/da\/wp-json\/wp\/v2\/product"}],"about":[{"href":"https:\/\/staging.nbg.eu\/da\/wp-json\/wp\/v2\/types\/product"}],"wp:featuredmedia":[{"embeddable":true,"href":"https:\/\/staging.nbg.eu\/da\/wp-json\/wp\/v2\/media\/400334"}],"wp:attachment":[{"href":"https:\/\/staging.nbg.eu\/da\/wp-json\/wp\/v2\/media?parent=408031"}],"wp:term":[{"taxonomy":"product_brand","embeddable":true,"href":"https:\/\/staging.nbg.eu\/da\/wp-json\/wp\/v2\/product_brand?post=408031"},{"taxonomy":"product_cat","embeddable":true,"href":"https:\/\/staging.nbg.eu\/da\/wp-json\/wp\/v2\/product_cat?post=408031"},{"taxonomy":"product_tag","embeddable":true,"href":"https:\/\/staging.nbg.eu\/da\/wp-json\/wp\/v2\/product_tag?post=408031"}],"curies":[{"name":"wp","href":"https:\/\/api.w.org\/{rel}","templated":true}]}}