{"id":405838,"date":"2025-06-30T21:19:10","date_gmt":"2025-06-30T18:19:10","guid":{"rendered":"https:\/\/staging.nbg.eu\/product\/surefire-scout-infrared-light-m640v-pro-tan\/"},"modified":"2025-06-30T21:21:05","modified_gmt":"2025-06-30T18:21:05","slug":"surefire-scout-infrarod-lys-m640v-pro-tan","status":"publish","type":"product","link":"https:\/\/staging.nbg.eu\/da\/vare\/surefire-scout-infrarod-lys-m640v-pro-tan\/","title":{"rendered":"SureFire Scout Infrar\u00f8d Lys &#8211; M640V PRO &#8211; Tan"},"content":{"rendered":"<h2>SureFire Scout Infrar\u00f8dt Lys &#8211; M640V PRO &#8211; Tan<\/h2>\n<p>M640V PRO Scout Infrar\u00f8dt Lys. Dette v\u00e5benlys har f\u00f8lgende egenskaber:<\/p>\n<ul>\n<li>350 lumen hvidt lys og 120 mW IR-output<\/li>\n<li>Ny lavprofil-montering til placering p\u00e5 MIL-STD-1913 eller M-LOK skinner<\/li>\n<li>S\u00e6rlig TIR-linse til langtr\u00e6kkende str\u00e5le med omgivende lys<\/li>\n<li>Skift mellem hvidt og IR-lys under brug<\/li>\n<li>Konstruktion i luftfartssaluminium med milit\u00e6r-specificeret h\u00e5rd anodiseret overflade<\/li>\n<li>IPX7 vandt\u00e6thed<\/li>\n<li>Trykknap-endekontakt til nem aktivering<\/li>\n<\/ul>\n<p>Med 2,5 timers driftstid p\u00e5 h\u00f8j indstilling og en str\u00e5leafstand p\u00e5 214 meter er M640V PRO egnet til mellemlange og lange afstande.<\/p>\n","protected":false},"excerpt":{"rendered":"<p>Alsidig IR\/hvid v\u00e5benlys med 350 lumen og 120 mW IR-output.<\/p>\n","protected":false},"featured_media":353015,"template":"","meta":{"_acf_changed":false},"product_brand":[11861],"product_cat":[13098,13130,13090],"product_tag":[],"class_list":{"0":"post-405838","1":"product","2":"type-product","3":"status-publish","4":"has-post-thumbnail","6":"product_brand-surefire","7":"product_cat-edc-lygter","8":"product_cat-lygter","9":"product_cat-riffellygter","11":"first","12":"instock","13":"taxable","14":"shipping-taxable","15":"purchasable","16":"product-type-simple"},"acf":[],"_links":{"self":[{"href":"https:\/\/staging.nbg.eu\/da\/wp-json\/wp\/v2\/product\/405838","targetHints":{"allow":["GET"]}}],"collection":[{"href":"https:\/\/staging.nbg.eu\/da\/wp-json\/wp\/v2\/product"}],"about":[{"href":"https:\/\/staging.nbg.eu\/da\/wp-json\/wp\/v2\/types\/product"}],"wp:featuredmedia":[{"embeddable":true,"href":"https:\/\/staging.nbg.eu\/da\/wp-json\/wp\/v2\/media\/353015"}],"wp:attachment":[{"href":"https:\/\/staging.nbg.eu\/da\/wp-json\/wp\/v2\/media?parent=405838"}],"wp:term":[{"taxonomy":"product_brand","embeddable":true,"href":"https:\/\/staging.nbg.eu\/da\/wp-json\/wp\/v2\/product_brand?post=405838"},{"taxonomy":"product_cat","embeddable":true,"href":"https:\/\/staging.nbg.eu\/da\/wp-json\/wp\/v2\/product_cat?post=405838"},{"taxonomy":"product_tag","embeddable":true,"href":"https:\/\/staging.nbg.eu\/da\/wp-json\/wp\/v2\/product_tag?post=405838"}],"curies":[{"name":"wp","href":"https:\/\/api.w.org\/{rel}","templated":true}]}}