{"id":405571,"date":"2025-05-05T23:43:01","date_gmt":"2025-05-05T20:43:01","guid":{"rendered":"https:\/\/staging.nbg.eu\/product\/surefire-plr-c-edc-flashlight-stiletto-pro-ii\/"},"modified":"2025-06-30T20:03:21","modified_gmt":"2025-06-30T17:03:21","slug":"surefire-plr-c-edc-lommelygte-stiletto-pro-ii","status":"publish","type":"product","link":"https:\/\/staging.nbg.eu\/da\/vare\/surefire-plr-c-edc-lommelygte-stiletto-pro-ii\/","title":{"rendered":"Surefire PLR-C EDC Lommelygte &#8211; Stiletto Pro II"},"content":{"rendered":"<h2>Surefire PLR-C EDC Lommelygte &#8211; Stiletto Pro II<\/h2>\n<p>Stiletto Pro II er en lommelygte til daglig brug. Den har en slank profil og yder op til 1.500 lumen med en r\u00e6kkevidde p\u00e5 375 meter.<\/p>\n<ul>\n<li>Dobbelt optik giver 35.000 candela til belysning p\u00e5 lang afstand<\/li>\n<li>Tre programmerbare indstillinger: H\u00f8j (1.500 lumen), Medium (500 lumen) og Lav (25 lumen)<\/li>\n<li>Krop af rumfartsaluminium<\/li>\n<li>Taktisk kontakt bagp\u00e5 med mulighed for h\u00f8jfrekvent strobelys<\/li>\n<li>Integreret USB-C genopladeligt lithium-polymer batteri<\/li>\n<li>LED-indikator for batteristatus<\/li>\n<li>Vendbar lommeclips af fjederst\u00e5l med Melonite-bel\u00e6gning<\/li>\n<li>IPX7 vandt\u00e6t op til 1 meter i 30 minutter<\/li>\n<\/ul>\n<p>Stiletto Pro II kan bruges til navigation i m\u00f8rke og udend\u00f8rs aktiviteter. Den er designet til brug af politi, milit\u00e6r og almindelige brugere.<\/p>\n","protected":false},"excerpt":{"rendered":"<p>Slank, kraftfuld EDC-lommelygte med 1.500 lumen og langtr\u00e6kkende lysstr\u00e5le.<\/p>\n","protected":false},"featured_media":352335,"template":"","meta":{"_acf_changed":false},"product_brand":[11861],"product_cat":[13129,13098,13130],"product_tag":[],"class_list":{"0":"post-405571","1":"product","2":"type-product","3":"status-publish","4":"has-post-thumbnail","6":"product_brand-surefire","7":"product_cat-edc","8":"product_cat-edc-lygter","9":"product_cat-lygter","11":"first","12":"outofstock","13":"taxable","14":"shipping-taxable","15":"purchasable","16":"product-type-simple"},"acf":[],"_links":{"self":[{"href":"https:\/\/staging.nbg.eu\/da\/wp-json\/wp\/v2\/product\/405571","targetHints":{"allow":["GET"]}}],"collection":[{"href":"https:\/\/staging.nbg.eu\/da\/wp-json\/wp\/v2\/product"}],"about":[{"href":"https:\/\/staging.nbg.eu\/da\/wp-json\/wp\/v2\/types\/product"}],"wp:featuredmedia":[{"embeddable":true,"href":"https:\/\/staging.nbg.eu\/da\/wp-json\/wp\/v2\/media\/352335"}],"wp:attachment":[{"href":"https:\/\/staging.nbg.eu\/da\/wp-json\/wp\/v2\/media?parent=405571"}],"wp:term":[{"taxonomy":"product_brand","embeddable":true,"href":"https:\/\/staging.nbg.eu\/da\/wp-json\/wp\/v2\/product_brand?post=405571"},{"taxonomy":"product_cat","embeddable":true,"href":"https:\/\/staging.nbg.eu\/da\/wp-json\/wp\/v2\/product_cat?post=405571"},{"taxonomy":"product_tag","embeddable":true,"href":"https:\/\/staging.nbg.eu\/da\/wp-json\/wp\/v2\/product_tag?post=405571"}],"curies":[{"name":"wp","href":"https:\/\/api.w.org\/{rel}","templated":true}]}}