{"id":404778,"date":"2025-06-30T12:05:49","date_gmt":"2025-06-30T09:05:49","guid":{"rendered":"https:\/\/staging.nbg.eu\/product\/ammunition-sb-cal-357-mag-fmj-10-25g\/"},"modified":"2025-06-30T12:07:25","modified_gmt":"2025-06-30T09:07:25","slug":"ammunition-sb-kal-357-mag-fmj-1025g","status":"publish","type":"product","link":"https:\/\/staging.nbg.eu\/da\/vare\/ammunition-sb-kal-357-mag-fmj-1025g\/","title":{"rendered":"AMMUNITION S&#038;B kal. 357 Mag FMJ 10.25g"},"content":{"rendered":"<div class=\"product-description\">\n<h2>S&amp;B FMJ .357 Magnum 10,25g<\/h2>\n<p>Sellier &amp; Bellot&#8217;s Full Metal Jacket .357 Magnum patron. Denne ammunition er egnet til revolvere.<\/p>\n<h3>Specifikationer:<\/h3>\n<ul>\n<li>Kaliber: .357 Magnum<\/li>\n<li>Projektilev\u00e6gt: 158gr\/10,25g Full Metal Jacket (FMJ)<\/li>\n<li>Mundingshastighed: 385 m\/s<\/li>\n<li>Ballistisk koefficient: 0,184<\/li>\n<li>Power Factor: 199,6<\/li>\n<li>\u00c6skest\u00f8rrelse: 50 patroner<\/li>\n<\/ul>\n<p>Fremstillet af Sellier &amp; Bellot, en ammunitionsproducent siden 1825. Denne patron er egnet til tr\u00e6ning, konkurrence og andre skydeaktiviteter.<\/p>\n<p>Denne ammunition bruges af civile og milit\u00e6rt personel globalt. S&amp;B .357 Magnum er konstrueret til pr\u00e6cision og p\u00e5lidelighed.<\/p>\n<\/div>\n","protected":false},"excerpt":{"rendered":"<p>S&amp;B .357 Mag FMJ 10,25g: Kraftfuld, pr\u00e6cis revolverammunition til tr\u00e6ning<\/p>\n","protected":false},"featured_media":359120,"template":"","meta":{"_acf_changed":false},"product_brand":[],"product_cat":[13114,13124],"product_tag":[],"class_list":{"0":"post-404778","1":"product","2":"type-product","3":"status-publish","4":"has-post-thumbnail","6":"product_cat-ammunition","7":"product_cat-licenseret","9":"first","10":"instock","11":"taxable","12":"shipping-taxable","13":"purchasable","14":"product-type-simple"},"acf":[],"_links":{"self":[{"href":"https:\/\/staging.nbg.eu\/da\/wp-json\/wp\/v2\/product\/404778","targetHints":{"allow":["GET"]}}],"collection":[{"href":"https:\/\/staging.nbg.eu\/da\/wp-json\/wp\/v2\/product"}],"about":[{"href":"https:\/\/staging.nbg.eu\/da\/wp-json\/wp\/v2\/types\/product"}],"wp:featuredmedia":[{"embeddable":true,"href":"https:\/\/staging.nbg.eu\/da\/wp-json\/wp\/v2\/media\/359120"}],"wp:attachment":[{"href":"https:\/\/staging.nbg.eu\/da\/wp-json\/wp\/v2\/media?parent=404778"}],"wp:term":[{"taxonomy":"product_brand","embeddable":true,"href":"https:\/\/staging.nbg.eu\/da\/wp-json\/wp\/v2\/product_brand?post=404778"},{"taxonomy":"product_cat","embeddable":true,"href":"https:\/\/staging.nbg.eu\/da\/wp-json\/wp\/v2\/product_cat?post=404778"},{"taxonomy":"product_tag","embeddable":true,"href":"https:\/\/staging.nbg.eu\/da\/wp-json\/wp\/v2\/product_tag?post=404778"}],"curies":[{"name":"wp","href":"https:\/\/api.w.org\/{rel}","templated":true}]}}