{"id":40232,"date":"2024-08-26T13:29:45","date_gmt":"2024-09-09T14:56:00","guid":{"rendered":"https:\/\/staging.nbg.eu\/product\/vanward-hunter-pro\/"},"modified":"2024-09-09T14:58:43","modified_gmt":"2024-09-09T14:58:43","slug":"vanward-hunter-pro","status":"publish","type":"product","link":"https:\/\/staging.nbg.eu\/da\/vare\/vanward-hunter-pro\/","title":{"rendered":"Vanward Hunter PRO"},"content":{"rendered":"<div class=\"product-description\">\n<h2>Vanward Hunter PRO<\/h2>\n<p>Oplev overlegen ydeevne under 300 gram med Vanward Hunter PRO lydd\u00e6mperen. Med optimeret baffelmellumrum for forbedret trykudligning og et robust sekskantet ydre design tilbyder denne lydd\u00e6mper forbedret sikkerhed, styrke og k\u00f8leeffektivitet.<\/p>\n<h2>N\u00f8glefunktioner:<\/h2>\n<ul>\n<li>3D-printet i \u00e9t stykke grad 5 titanium for maksimal sikkerhed og ydeevne<\/li>\n<li>Ekstremt holdbar og korrosionsbestandig<\/li>\n<li>Udskiftelige gevindindsatser i rustfrit st\u00e5l<\/li>\n<li>POM-ring for optimal l\u00f8bsafstand<\/li>\n<li>F\u00e5s i flere gevindtyper: 1\/2*28&#8243;, 5\/8&#215;24&#8243; M14x1, M14x1.5, M15x1, M16x1, M18x1<\/li>\n<\/ul>\n<h2>Specifikationer:<\/h2>\n<ul>\n<li>Diameter: 48mm<\/li>\n<li>L\u00e6ngde: 220mm<\/li>\n<li>V\u00e6gt: 295 gram*<\/li>\n<\/ul>\n<p>Vanward Hunter PRO&#8217;s innovative design og overlegne materialer g\u00f8r den til det perfekte valg for kr\u00e6sne j\u00e6gere og skydningsentusiaster, der kr\u00e6ver det bedste inden for lydd\u00e6mperteknologi.<\/p>\n<\/div>\n","protected":false},"excerpt":{"rendered":"<p>Ultralet titaniumlydd\u00e6mper med optimeret ydeevne.<\/p>\n","protected":false},"featured_media":102149,"template":"","meta":{"_acf_changed":false},"product_brand":[11932],"product_cat":[13074,13139,13092],"product_tag":[],"class_list":{"0":"post-40232","1":"product","2":"type-product","3":"status-publish","4":"has-post-thumbnail","6":"product_brand-vanward","7":"product_cat-lyddaempere","8":"product_cat-riffel","9":"product_cat-riffellyddaempere","11":"first","12":"instock","13":"taxable","14":"shipping-taxable","15":"purchasable","16":"product-type-variable","17":"wvs-archive-product-wrapper"},"acf":[],"_links":{"self":[{"href":"https:\/\/staging.nbg.eu\/da\/wp-json\/wp\/v2\/product\/40232","targetHints":{"allow":["GET"]}}],"collection":[{"href":"https:\/\/staging.nbg.eu\/da\/wp-json\/wp\/v2\/product"}],"about":[{"href":"https:\/\/staging.nbg.eu\/da\/wp-json\/wp\/v2\/types\/product"}],"wp:featuredmedia":[{"embeddable":true,"href":"https:\/\/staging.nbg.eu\/da\/wp-json\/wp\/v2\/media\/102149"}],"wp:attachment":[{"href":"https:\/\/staging.nbg.eu\/da\/wp-json\/wp\/v2\/media?parent=40232"}],"wp:term":[{"taxonomy":"product_brand","embeddable":true,"href":"https:\/\/staging.nbg.eu\/da\/wp-json\/wp\/v2\/product_brand?post=40232"},{"taxonomy":"product_cat","embeddable":true,"href":"https:\/\/staging.nbg.eu\/da\/wp-json\/wp\/v2\/product_cat?post=40232"},{"taxonomy":"product_tag","embeddable":true,"href":"https:\/\/staging.nbg.eu\/da\/wp-json\/wp\/v2\/product_tag?post=40232"}],"curies":[{"name":"wp","href":"https:\/\/api.w.org\/{rel}","templated":true}]}}