{"id":37806,"date":"2024-08-26T13:54:16","date_gmt":"2024-09-09T14:37:52","guid":{"rendered":"https:\/\/staging.nbg.eu\/product\/vanward-ultra-light\/"},"modified":"2025-05-01T17:52:16","modified_gmt":"2025-05-01T17:52:16","slug":"vanward-ultra-let","status":"publish","type":"product","link":"https:\/\/staging.nbg.eu\/da\/vare\/vanward-ultra-let\/","title":{"rendered":"Vanward Ultra Let"},"content":{"rendered":"<h2>Vanward Ultra Let Lydd\u00e6mper<\/h2>\n<p>Oplev uovertruffen lethed og ydeevne med Vanward Ultra Let lydd\u00e6mper. Med en v\u00e6gt p\u00e5 kun 137 gram* er den den letteste i sin klasse uden at g\u00e5 p\u00e5 kompromis med funktionaliteten.<\/p>\n<h2>N\u00f8glefunktioner:<\/h2>\n<ul>\n<li>Optimeret baffelafstand for overlegen trykudligning<\/li>\n<li>Sekskantet ydre design for \u00f8get styrke og k\u00f8ling<\/li>\n<li>3D-printet i \u00e9t stykke grade 5 Titanium<\/li>\n<li>Ekstremt holdbar og korrosionsbestandig<\/li>\n<li>F\u00e5s i kaliber .223, .264 og .30<\/li>\n<li>Gevindtyper: M18x1, M15x1, M14x1, 1\/2*28<\/li>\n<\/ul>\n<h2>Specifikationer:<\/h2>\n<ul>\n<li>Diameter: 42mm<\/li>\n<li>L\u00e6ngde: 130mm<\/li>\n<li>V\u00e6gt: 137 gram* (M18 model)<\/li>\n<\/ul>\n<p>L\u00f8ft din skydeoplevelse med Vanward Ultra Let &#8211; hvor innovation m\u00f8der ydeevne.<\/p>\n","protected":false},"excerpt":{"rendered":"<p>Ultralet titanium lydd\u00e6mper, 137g. 3D-printet, holdbar, effektiv k\u00f8ling.<\/p>\n","protected":false},"featured_media":32426,"template":"","meta":{"_acf_changed":false},"product_brand":[11932],"product_cat":[13074,13139,13092],"product_tag":[],"class_list":{"0":"post-37806","1":"product","2":"type-product","3":"status-publish","4":"has-post-thumbnail","6":"product_brand-vanward","7":"product_cat-lyddaempere","8":"product_cat-riffel","9":"product_cat-riffellyddaempere","11":"first","12":"instock","13":"taxable","14":"shipping-taxable","15":"purchasable","16":"product-type-variable","17":"wvs-archive-product-wrapper"},"acf":[],"_links":{"self":[{"href":"https:\/\/staging.nbg.eu\/da\/wp-json\/wp\/v2\/product\/37806","targetHints":{"allow":["GET"]}}],"collection":[{"href":"https:\/\/staging.nbg.eu\/da\/wp-json\/wp\/v2\/product"}],"about":[{"href":"https:\/\/staging.nbg.eu\/da\/wp-json\/wp\/v2\/types\/product"}],"wp:featuredmedia":[{"embeddable":true,"href":"https:\/\/staging.nbg.eu\/da\/wp-json\/wp\/v2\/media\/32426"}],"wp:attachment":[{"href":"https:\/\/staging.nbg.eu\/da\/wp-json\/wp\/v2\/media?parent=37806"}],"wp:term":[{"taxonomy":"product_brand","embeddable":true,"href":"https:\/\/staging.nbg.eu\/da\/wp-json\/wp\/v2\/product_brand?post=37806"},{"taxonomy":"product_cat","embeddable":true,"href":"https:\/\/staging.nbg.eu\/da\/wp-json\/wp\/v2\/product_cat?post=37806"},{"taxonomy":"product_tag","embeddable":true,"href":"https:\/\/staging.nbg.eu\/da\/wp-json\/wp\/v2\/product_tag?post=37806"}],"curies":[{"name":"wp","href":"https:\/\/api.w.org\/{rel}","templated":true}]}}