{"id":37604,"date":"2024-09-02T10:54:46","date_gmt":"2024-09-02T10:54:46","guid":{"rendered":"https:\/\/staging.nbg.eu\/product\/bcm-quick-detach-sling-swivel-heavy-duty-design\/"},"modified":"2024-09-09T14:28:39","modified_gmt":"2024-09-09T14:28:39","slug":"bcm-hurtig-aftagelig-slynge-drejeled-heavy-duty-design","status":"publish","type":"product","link":"https:\/\/staging.nbg.eu\/da\/vare\/bcm-hurtig-aftagelig-slynge-drejeled-heavy-duty-design\/","title":{"rendered":"BCM\u00ae Hurtig Aftagelig Slynge Drejeled (Heavy Duty Design)"},"content":{"rendered":"<div class=\"product-description\">\n<h2>BCM\u00ae Quick Detach Remb\u00f8jle (Heavy Duty Design)<\/h2>\n<p>Forbedre dit v\u00e5bens funktionalitet med BCM\u00ae Quick Detach Remb\u00f8jle, der er konstrueret med henblik p\u00e5 holdbarhed og p\u00e5lidelighed.<\/p>\n<ul>\n<li>Flush stempel-design forhindrer utilsigtet udl\u00f8sning og sikrer, at din rem forbliver sikkert fastgjort<\/li>\n<li>Pr\u00e6cisionsfremstillet af karbonst\u00e5l med en manganfosfat-overflade for overlegen korrosionsbestandighed<\/li>\n<li>Tromleafgratet og sandbl\u00e6st f\u00f8r bel\u00e6gning for en glat, h\u00e6ngelsesfri overflade<\/li>\n<li>Kompatibel med 1-1\/4&#8243; remme, hvilket giver alsidighed til forskellige ops\u00e6tninger<\/li>\n<li>Heavy-duty konstruktion modst\u00e5r kr\u00e6vende brug i udfordrende milj\u00f8er<\/li>\n<\/ul>\n<p>Stol p\u00e5 BCM&#8217;s engagement i kvalitet og ydeevne. Denne quick detach remb\u00f8jle er den perfekte tilf\u00f8jelse til dit taktiske udstyr, der giver hurtig fastg\u00f8relse og aftagning uden at g\u00e5 p\u00e5 kompromis med sikkerheden.<\/p>\n<\/div>\n","protected":false},"excerpt":{"rendered":"<p>Hurtigudl\u00f8sende kraftig remb\u00f8jle. Sikker, holdbar, kompatibel med 1-1\/4&#8243;.<\/p>\n","protected":false},"featured_media":36975,"template":"","meta":{"_acf_changed":false},"product_brand":[11059],"product_cat":[13102,13139,13088],"product_tag":[],"class_list":{"0":"post-37604","1":"product","2":"type-product","3":"status-publish","4":"has-post-thumbnail","6":"product_brand-bcm","7":"product_cat-remme","8":"product_cat-riffel","9":"product_cat-riffel-tuning","11":"first","12":"instock","13":"taxable","14":"shipping-taxable","15":"purchasable","16":"product-type-simple"},"acf":[],"_links":{"self":[{"href":"https:\/\/staging.nbg.eu\/da\/wp-json\/wp\/v2\/product\/37604","targetHints":{"allow":["GET"]}}],"collection":[{"href":"https:\/\/staging.nbg.eu\/da\/wp-json\/wp\/v2\/product"}],"about":[{"href":"https:\/\/staging.nbg.eu\/da\/wp-json\/wp\/v2\/types\/product"}],"wp:featuredmedia":[{"embeddable":true,"href":"https:\/\/staging.nbg.eu\/da\/wp-json\/wp\/v2\/media\/36975"}],"wp:attachment":[{"href":"https:\/\/staging.nbg.eu\/da\/wp-json\/wp\/v2\/media?parent=37604"}],"wp:term":[{"taxonomy":"product_brand","embeddable":true,"href":"https:\/\/staging.nbg.eu\/da\/wp-json\/wp\/v2\/product_brand?post=37604"},{"taxonomy":"product_cat","embeddable":true,"href":"https:\/\/staging.nbg.eu\/da\/wp-json\/wp\/v2\/product_cat?post=37604"},{"taxonomy":"product_tag","embeddable":true,"href":"https:\/\/staging.nbg.eu\/da\/wp-json\/wp\/v2\/product_tag?post=37604"}],"curies":[{"name":"wp","href":"https:\/\/api.w.org\/{rel}","templated":true}]}}