{"id":37496,"date":"2024-09-02T16:37:54","date_gmt":"2024-09-02T16:37:54","guid":{"rendered":"https:\/\/staging.nbg.eu\/product\/bcm-kag-m-lok-compatible\/"},"modified":"2024-09-09T14:01:10","modified_gmt":"2024-09-09T14:01:10","slug":"bcm-kag-m-lok-kompatibel","status":"publish","type":"product","link":"https:\/\/staging.nbg.eu\/da\/vare\/bcm-kag-m-lok-kompatibel\/","title":{"rendered":"BCM\u00ae KAG &#8211; (M-LOK\u00ae Kompatibel*)"},"content":{"rendered":"<div class=\"product-description\">\n<h2>BCM\u00ae KAG &#8211; Kin\u00e6stetisk Vinklet Greb (M-LOK\u00ae Kompatibel*)<\/h2>\n<p>Forbedre din skydeoplevelse med BCM\u00ae KAG, et samarbejde mellem BCM\u00ae og Travis Haley fra Haley Strategic Partners. Dette innovative greb har f\u00f8lgende egenskaber:<\/p>\n<ul>\n<li>Biomekanisk effektiv fremadrettet h\u00e6ldning for positiv fastholdelses<\/li>\n<li>Aflastning for h\u00e5ndled, albue og skulder<\/li>\n<li>Tekstureret for- og bagside for konsistent greb<\/li>\n<li>Ideel til &#8220;C-klemme&#8221; greb og st\u00f8ttede skydestillinger<\/li>\n<li>Kompakt design for forbedret v\u00e5benh\u00e5ndtering<\/li>\n<li>Fremstillet i USA af h\u00f8jkvalitets, slagfaste polymerer<\/li>\n<\/ul>\n<p>KAG&#8217;ens ergonomiske design komplementerer moderne skydegreb og muligg\u00f8r smidige overgange og \u00f8get effektivitet uden at tilf\u00f8je un\u00f8dig volumen til dit v\u00e5bensystem.<\/p>\n<\/div>\n","protected":false},"excerpt":{"rendered":"<p>BCM\u00ae KAG: Ergonomisk M-LOK\u00ae greb til forbedret v\u00e5benkontrol.<\/p>\n","protected":false},"featured_media":37348,"template":"","meta":{"_acf_changed":false},"product_brand":[11059],"product_cat":[13155],"product_tag":[],"class_list":{"0":"post-37496","1":"product","2":"type-product","3":"status-publish","4":"has-post-thumbnail","6":"product_brand-bcm","7":"product_cat-ukategoriseret","9":"first","10":"instock","11":"taxable","12":"shipping-taxable","13":"purchasable","14":"product-type-variable","15":"wvs-archive-product-wrapper"},"acf":[],"_links":{"self":[{"href":"https:\/\/staging.nbg.eu\/da\/wp-json\/wp\/v2\/product\/37496","targetHints":{"allow":["GET"]}}],"collection":[{"href":"https:\/\/staging.nbg.eu\/da\/wp-json\/wp\/v2\/product"}],"about":[{"href":"https:\/\/staging.nbg.eu\/da\/wp-json\/wp\/v2\/types\/product"}],"wp:featuredmedia":[{"embeddable":true,"href":"https:\/\/staging.nbg.eu\/da\/wp-json\/wp\/v2\/media\/37348"}],"wp:attachment":[{"href":"https:\/\/staging.nbg.eu\/da\/wp-json\/wp\/v2\/media?parent=37496"}],"wp:term":[{"taxonomy":"product_brand","embeddable":true,"href":"https:\/\/staging.nbg.eu\/da\/wp-json\/wp\/v2\/product_brand?post=37496"},{"taxonomy":"product_cat","embeddable":true,"href":"https:\/\/staging.nbg.eu\/da\/wp-json\/wp\/v2\/product_cat?post=37496"},{"taxonomy":"product_tag","embeddable":true,"href":"https:\/\/staging.nbg.eu\/da\/wp-json\/wp\/v2\/product_tag?post=37496"}],"curies":[{"name":"wp","href":"https:\/\/api.w.org\/{rel}","templated":true}]}}