{"id":36336,"date":"2024-07-30T18:54:40","date_gmt":"2024-09-02T13:54:27","guid":{"rendered":"https:\/\/staging.nbg.eu\/product\/mag-now-single-m4-pouch\/"},"modified":"2024-09-02T13:55:10","modified_gmt":"2024-09-02T13:55:10","slug":"mag-now-enkelt-m4-taske","status":"publish","type":"product","link":"https:\/\/staging.nbg.eu\/da\/vare\/mag-now-enkelt-m4-taske\/","title":{"rendered":"MAG NOW! ENKELT M4 TASKE"},"content":{"rendered":"<div class=\"product-description\">\n<h2>MAG NOW! ENKELT M4 MAGASINLOMME af BlueForceGear<\/h2>\n<p>MAG NOW! ENKELT M4 MAGASINLOMME er en alsidig og holdbar magasinholder designet til hurtig adgang og sikker fastholdelse. Egenskaber inkluderer:<\/p>\n<ul>\n<li>Ultralet konstruktion ved hj\u00e6lp af det propriet\u00e6re ULTRAcomp-materiale<\/li>\n<li>Justerbar fastholdelse til forskellige magasintyper<\/li>\n<li>MOLLE-kompatibelt monteringssystem<\/li>\n<li>Ambidekstr\u00f8st design til brug for b\u00e5de venstre- og h\u00f8jreh\u00e5ndede<\/li>\n<li>Lavprofil-udformning for reduceret volumen<\/li>\n<\/ul>\n<p>Perfekt til milit\u00e6r, politi og konkurrenceskytter, der kr\u00e6ver hurtige magasinskift og p\u00e5lideligt udstyr.<\/p>\n<\/div>\n","protected":false},"excerpt":{"rendered":"<p>Sikker, hurtig-adgangs M4 magasin-taske. Holdbart, letv\u00e6gts design.<\/p>\n","protected":false},"featured_media":34615,"template":"","meta":{"_acf_changed":false},"product_brand":[11124],"product_cat":[13082,13097,13106],"product_tag":[],"class_list":{"0":"post-36336","1":"product","2":"type-product","3":"status-publish","4":"has-post-thumbnail","6":"product_brand-blue-force-gear","7":"product_cat-magasinholdere","8":"product_cat-tasker","9":"product_cat-udstyr","11":"first","12":"instock","13":"taxable","14":"shipping-taxable","15":"purchasable","16":"product-type-variable","17":"wvs-archive-product-wrapper"},"acf":[],"_links":{"self":[{"href":"https:\/\/staging.nbg.eu\/da\/wp-json\/wp\/v2\/product\/36336","targetHints":{"allow":["GET"]}}],"collection":[{"href":"https:\/\/staging.nbg.eu\/da\/wp-json\/wp\/v2\/product"}],"about":[{"href":"https:\/\/staging.nbg.eu\/da\/wp-json\/wp\/v2\/types\/product"}],"wp:featuredmedia":[{"embeddable":true,"href":"https:\/\/staging.nbg.eu\/da\/wp-json\/wp\/v2\/media\/34615"}],"wp:attachment":[{"href":"https:\/\/staging.nbg.eu\/da\/wp-json\/wp\/v2\/media?parent=36336"}],"wp:term":[{"taxonomy":"product_brand","embeddable":true,"href":"https:\/\/staging.nbg.eu\/da\/wp-json\/wp\/v2\/product_brand?post=36336"},{"taxonomy":"product_cat","embeddable":true,"href":"https:\/\/staging.nbg.eu\/da\/wp-json\/wp\/v2\/product_cat?post=36336"},{"taxonomy":"product_tag","embeddable":true,"href":"https:\/\/staging.nbg.eu\/da\/wp-json\/wp\/v2\/product_tag?post=36336"}],"curies":[{"name":"wp","href":"https:\/\/api.w.org\/{rel}","templated":true}]}}