{"id":36278,"date":"2024-07-30T18:55:35","date_gmt":"2024-09-02T13:50:27","guid":{"rendered":"https:\/\/staging.nbg.eu\/product\/helium-whisper-zippered-accessory-pouch\/"},"modified":"2024-09-02T13:51:19","modified_gmt":"2024-09-02T13:51:19","slug":"helium-whisper-lynlas-tilbehorstaske","status":"publish","type":"product","link":"https:\/\/staging.nbg.eu\/da\/vare\/helium-whisper-lynlas-tilbehorstaske\/","title":{"rendered":"HELIUM WHISPER\u00ae LYNL\u00c5S TILBEH\u00d8RSTASKE"},"content":{"rendered":"<p>\nHELIUM WHISPER\u00ae ZIPPERED ACCESSORY POUCH fra BlueForceGear er en alsidig og letv\u00e6gts opbevaringsl\u00f8sning til dit taktiske udstyr. Den har f\u00f8lgende egenskaber:<\/p>\n<ul>\n<li>Ultralet ULTRAcomp\u00ae-materiale for holdbarhed og vandafvisning<\/li>\n<li>MOLLE-kompatibelt Helium Whisper\u00ae fastg\u00f8relsessystem for nem integration<\/li>\n<li>Lynl\u00e5slukket hovedrum for sikker opbevaring<\/li>\n<li>Indvendige elastiske organiseringsl\u00f8kker til sm\u00e5 genstande<\/li>\n<li>F\u00e5s i flere farver, s\u00e5 den matcher dit udstyr<\/li>\n<\/ul>\n<p>Perfekt til opbevaring af medicinsk udstyr, elektronik eller andre vigtige genstande. Denne taske kombinerer funktionalitet med BlueForceGears innovative design for optimal ydeevne i ethvert milj\u00f8.<\/p>\n","protected":false},"excerpt":{"rendered":"<p>Let af v\u00e6gt, alsidig taske til sikker opbevaring af udstyr p\u00e5 farten.<\/p>\n","protected":false},"featured_media":36279,"template":"","meta":{"_acf_changed":false},"product_brand":[11124],"product_cat":[13097,13106],"product_tag":[],"class_list":{"0":"post-36278","1":"product","2":"type-product","3":"status-publish","4":"has-post-thumbnail","6":"product_brand-blue-force-gear","7":"product_cat-tasker","8":"product_cat-udstyr","10":"first","11":"instock","12":"taxable","13":"shipping-taxable","14":"purchasable","15":"product-type-variable","16":"wvs-archive-product-wrapper"},"acf":[],"_links":{"self":[{"href":"https:\/\/staging.nbg.eu\/da\/wp-json\/wp\/v2\/product\/36278","targetHints":{"allow":["GET"]}}],"collection":[{"href":"https:\/\/staging.nbg.eu\/da\/wp-json\/wp\/v2\/product"}],"about":[{"href":"https:\/\/staging.nbg.eu\/da\/wp-json\/wp\/v2\/types\/product"}],"wp:featuredmedia":[{"embeddable":true,"href":"https:\/\/staging.nbg.eu\/da\/wp-json\/wp\/v2\/media\/36279"}],"wp:attachment":[{"href":"https:\/\/staging.nbg.eu\/da\/wp-json\/wp\/v2\/media?parent=36278"}],"wp:term":[{"taxonomy":"product_brand","embeddable":true,"href":"https:\/\/staging.nbg.eu\/da\/wp-json\/wp\/v2\/product_brand?post=36278"},{"taxonomy":"product_cat","embeddable":true,"href":"https:\/\/staging.nbg.eu\/da\/wp-json\/wp\/v2\/product_cat?post=36278"},{"taxonomy":"product_tag","embeddable":true,"href":"https:\/\/staging.nbg.eu\/da\/wp-json\/wp\/v2\/product_tag?post=36278"}],"curies":[{"name":"wp","href":"https:\/\/api.w.org\/{rel}","templated":true}]}}