{"id":34779,"date":"2024-07-30T19:21:28","date_gmt":"2024-08-27T14:43:29","guid":{"rendered":"https:\/\/staging.nbg.eu\/product\/leg-strap-for-holster-adapter\/"},"modified":"2024-08-27T14:44:14","modified_gmt":"2024-08-27T14:44:14","slug":"ben-rem-til-hylster-adapter","status":"publish","type":"product","link":"https:\/\/staging.nbg.eu\/da\/vare\/ben-rem-til-hylster-adapter\/","title":{"rendered":"Ben Rem til Hylster Adapter"},"content":{"rendered":"<div class=\"product-description\">\n<h2>BlueForceGear Benstrop til Hylsteradapter<\/h2>\n<p>Forbedre dit hylsters stabilitet og komfort med BlueForceGear Benstrop til Hylsteradapter. Denne holdbare, justerbare strop er designet til at fastg\u00f8re dit hylster til dit l\u00e5r og give et p\u00e5lideligt og konsistent tr\u00e6k.<\/p>\n<ul>\n<h3>Funktioner:<\/h3>\n<li>Kompatibel med de fleste hylsteradaptere<\/li>\n<li>Justerbar for en perfekt pasform<\/li>\n<li>Fremstillet af \u00e5ndbare materialer af h\u00f8j kvalitet<\/li>\n<li>Skridsikkert design for maksimal stabilitet<\/li>\n<li>Hurtigudl\u00f8sningssp\u00e6nde for nem p\u00e5- og aftagning<\/li>\n<\/ul>\n<p>Ideel til politiet, milit\u00e6ret og civilt brug, sikrer denne benstrop, at dit hylster forbliver p\u00e5 plads under intense aktiviteter.<\/p>\n<\/div>\n","protected":false},"excerpt":{"rendered":"<p>Sikker benstrop forbedrer hylsterets stabilitet for j\u00e6vne tr\u00e6k.<\/p>\n","protected":false},"featured_media":34780,"template":"","meta":{"_acf_changed":false},"product_brand":[11124],"product_cat":[13093,13126,13106],"product_tag":[],"class_list":{"0":"post-34779","1":"product","2":"type-product","3":"status-publish","4":"has-post-thumbnail","6":"product_brand-blue-force-gear","7":"product_cat-hylster","8":"product_cat-hylstertilbehor","9":"product_cat-udstyr","11":"first","12":"instock","13":"taxable","14":"shipping-taxable","15":"purchasable","16":"product-type-variable","17":"wvs-archive-product-wrapper"},"acf":[],"_links":{"self":[{"href":"https:\/\/staging.nbg.eu\/da\/wp-json\/wp\/v2\/product\/34779","targetHints":{"allow":["GET"]}}],"collection":[{"href":"https:\/\/staging.nbg.eu\/da\/wp-json\/wp\/v2\/product"}],"about":[{"href":"https:\/\/staging.nbg.eu\/da\/wp-json\/wp\/v2\/types\/product"}],"wp:featuredmedia":[{"embeddable":true,"href":"https:\/\/staging.nbg.eu\/da\/wp-json\/wp\/v2\/media\/34780"}],"wp:attachment":[{"href":"https:\/\/staging.nbg.eu\/da\/wp-json\/wp\/v2\/media?parent=34779"}],"wp:term":[{"taxonomy":"product_brand","embeddable":true,"href":"https:\/\/staging.nbg.eu\/da\/wp-json\/wp\/v2\/product_brand?post=34779"},{"taxonomy":"product_cat","embeddable":true,"href":"https:\/\/staging.nbg.eu\/da\/wp-json\/wp\/v2\/product_cat?post=34779"},{"taxonomy":"product_tag","embeddable":true,"href":"https:\/\/staging.nbg.eu\/da\/wp-json\/wp\/v2\/product_tag?post=34779"}],"curies":[{"name":"wp","href":"https:\/\/api.w.org\/{rel}","templated":true}]}}