{"id":34613,"date":"2024-07-30T19:26:43","date_gmt":"2024-08-27T14:29:54","guid":{"rendered":"https:\/\/staging.nbg.eu\/product\/mag-now-triple-m4-pouch\/"},"modified":"2024-08-27T14:30:43","modified_gmt":"2024-08-27T14:30:43","slug":"mag-now-triple-m4-lomme","status":"publish","type":"product","link":"https:\/\/staging.nbg.eu\/da\/vare\/mag-now-triple-m4-lomme\/","title":{"rendered":"MAG NOW! TRIPLE M4 LOMME"},"content":{"rendered":"<p><strong>MAG NOW! TRIPLE M4 POUCH<\/strong> fra BlueForceGear er en h\u00f8jtydende magasinholder designet til taktiske professionelle og entusiaster. Funktioner inkluderer:<\/p>\n<ul>\n<li>Holder sikkert tre 30-skuds M4\/AR-15 magasiner<\/li>\n<li>Holdbar konstruktion i 500D Cordura nylon<\/li>\n<li>Helium Whisper fastg\u00f8relsessystem for letv\u00e6gts MOLLE-kompatibilitet<\/li>\n<li>Hurtigadgangs-elastikremme<\/li>\n<li>Lavprofil design for reduceret volumen<\/li>\n<li>F\u00e5s i flere farver, der matcher dit udstyr<\/li>\n<\/ul>\n<p>Opgrader dit udstyr med denne alsidige, p\u00e5lidelige pung, der sikrer hurtige magasinskift, n\u00e5r hvert sekund t\u00e6ller.<\/p>\n","protected":false},"excerpt":{"rendered":"<p>Sikker tredobbelt M4 magasinlomme. Hurtig adgang. Holdbart design.<\/p>\n","protected":false},"featured_media":34614,"template":"","meta":{"_acf_changed":false},"product_brand":[11124],"product_cat":[13082,13097,13106],"product_tag":[],"class_list":{"0":"post-34613","1":"product","2":"type-product","3":"status-publish","4":"has-post-thumbnail","6":"product_brand-blue-force-gear","7":"product_cat-magasinholdere","8":"product_cat-tasker","9":"product_cat-udstyr","11":"first","12":"instock","13":"taxable","14":"shipping-taxable","15":"purchasable","16":"product-type-variable","17":"wvs-archive-product-wrapper"},"acf":[],"_links":{"self":[{"href":"https:\/\/staging.nbg.eu\/da\/wp-json\/wp\/v2\/product\/34613","targetHints":{"allow":["GET"]}}],"collection":[{"href":"https:\/\/staging.nbg.eu\/da\/wp-json\/wp\/v2\/product"}],"about":[{"href":"https:\/\/staging.nbg.eu\/da\/wp-json\/wp\/v2\/types\/product"}],"wp:featuredmedia":[{"embeddable":true,"href":"https:\/\/staging.nbg.eu\/da\/wp-json\/wp\/v2\/media\/34614"}],"wp:attachment":[{"href":"https:\/\/staging.nbg.eu\/da\/wp-json\/wp\/v2\/media?parent=34613"}],"wp:term":[{"taxonomy":"product_brand","embeddable":true,"href":"https:\/\/staging.nbg.eu\/da\/wp-json\/wp\/v2\/product_brand?post=34613"},{"taxonomy":"product_cat","embeddable":true,"href":"https:\/\/staging.nbg.eu\/da\/wp-json\/wp\/v2\/product_cat?post=34613"},{"taxonomy":"product_tag","embeddable":true,"href":"https:\/\/staging.nbg.eu\/da\/wp-json\/wp\/v2\/product_tag?post=34613"}],"curies":[{"name":"wp","href":"https:\/\/api.w.org\/{rel}","templated":true}]}}