{"id":34046,"date":"2024-07-30T19:31:05","date_gmt":"2024-08-27T14:08:45","guid":{"rendered":"https:\/\/staging.nbg.eu\/product\/boo-boo-pouch\/"},"modified":"2024-08-27T14:09:56","modified_gmt":"2024-08-27T14:09:56","slug":"boo-boo-lomme","status":"publish","type":"product","link":"https:\/\/staging.nbg.eu\/da\/vare\/boo-boo-lomme\/","title":{"rendered":"Boo Boo Lomme"},"content":{"rendered":"<p>Boo Boo Pouch fra Blue Force Gear er et kompakt, alsidigt medicinsk kit designet til daglig brug. Denne lette taske fastg\u00f8res nemt til dit udstyr ved hj\u00e6lp af MOLLE\/PALS-webbing eller b\u00e6ltel\u00f8kker. Fremstillet af holdbart 500D Cordura nylon, er den bygget til at modst\u00e5 barske forhold.<\/p>\n<ul>\n<li>Dimensioner: 10,16 cm x 10,16 cm x 5,08 cm<\/li>\n<li>Flere monteringsmuligheder<\/li>\n<li>Indvendige elastiske l\u00f8kker til organisering<\/li>\n<li>F\u00e5s i forskellige farver<\/li>\n<li>Perfekt til opbevaring af grundl\u00e6ggende f\u00f8rstehj\u00e6lpsudstyr<\/li>\n<\/ul>\n<p>Uanset om du vandrer, camperer eller er p\u00e5 vagt, sikrer Boo Boo Pouch, at du er forberedt p\u00e5 mindre skader og n\u00f8dsituationer. Kompakt, men rummelig, er den et uundv\u00e6rligt tilf\u00f8jelse til dit EDC-kit.<\/p>\n","protected":false},"excerpt":{"rendered":"<p>Kompakt medicinsk taske til essentielt f\u00f8rstehj\u00e6lpsudstyr p\u00e5 farten.<\/p>\n","protected":false},"featured_media":34052,"template":"","meta":{"_acf_changed":false},"product_brand":[11124],"product_cat":[13097,13106],"product_tag":[],"class_list":{"0":"post-34046","1":"product","2":"type-product","3":"status-publish","4":"has-post-thumbnail","6":"product_brand-blue-force-gear","7":"product_cat-tasker","8":"product_cat-udstyr","10":"first","11":"instock","12":"taxable","13":"shipping-taxable","14":"purchasable","15":"product-type-variable","16":"wvs-archive-product-wrapper"},"acf":[],"_links":{"self":[{"href":"https:\/\/staging.nbg.eu\/da\/wp-json\/wp\/v2\/product\/34046","targetHints":{"allow":["GET"]}}],"collection":[{"href":"https:\/\/staging.nbg.eu\/da\/wp-json\/wp\/v2\/product"}],"about":[{"href":"https:\/\/staging.nbg.eu\/da\/wp-json\/wp\/v2\/types\/product"}],"wp:featuredmedia":[{"embeddable":true,"href":"https:\/\/staging.nbg.eu\/da\/wp-json\/wp\/v2\/media\/34052"}],"wp:attachment":[{"href":"https:\/\/staging.nbg.eu\/da\/wp-json\/wp\/v2\/media?parent=34046"}],"wp:term":[{"taxonomy":"product_brand","embeddable":true,"href":"https:\/\/staging.nbg.eu\/da\/wp-json\/wp\/v2\/product_brand?post=34046"},{"taxonomy":"product_cat","embeddable":true,"href":"https:\/\/staging.nbg.eu\/da\/wp-json\/wp\/v2\/product_cat?post=34046"},{"taxonomy":"product_tag","embeddable":true,"href":"https:\/\/staging.nbg.eu\/da\/wp-json\/wp\/v2\/product_tag?post=34046"}],"curies":[{"name":"wp","href":"https:\/\/api.w.org\/{rel}","templated":true}]}}