{"id":33434,"date":"2024-07-30T19:34:10","date_gmt":"2024-08-27T13:06:07","guid":{"rendered":"https:\/\/staging.nbg.eu\/product\/low-profile-general-purpose-pouch\/"},"modified":"2024-08-27T13:07:41","modified_gmt":"2024-08-27T13:07:41","slug":"lavprofil-generel-formal-lomme","status":"publish","type":"product","link":"https:\/\/staging.nbg.eu\/da\/vare\/lavprofil-generel-formal-lomme\/","title":{"rendered":"Lavprofil Generel Form\u00e5l Lomme"},"content":{"rendered":"<div class=\"product-description\">\n<h2>Blue Force Gear Lavprofil Universaltaske<\/h2>\n<p>Lavprofil Universaltasken fra Blue Force Gear er en alsidig opbevaringsl\u00f8sning til taktisk og daglig brug. Den har f\u00f8lgende funktioner:<\/p>\n<ul>\n<li>Holdbar 500D Cordura-konstruktion<\/li>\n<li>Helium Whisper-fastg\u00f8relsessystem for let MOLLE-kompatibilitet<\/li>\n<li>Lavprofil design for diskret b\u00e6ring<\/li>\n<li>Justerbart elastikfastg\u00f8relsessystem<\/li>\n<li>Flere indvendige organisationslommer<\/li>\n<li>F\u00e5s i forskellige farver<\/li>\n<\/ul>\n<p>Perfekt til opbevaring af sm\u00e5 genstande, medicinsk udstyr eller EDC-udstyr. Ideel til milit\u00e6r, politi og friluftsfolk, der s\u00f8ger en kompakt og p\u00e5lidelig taske.<\/p>\n<\/div>\n","protected":false},"excerpt":{"rendered":"<p>Kompakt, alsidig taske til essentielt udstyr. Holdbar og diskret.<\/p>\n","protected":false},"featured_media":33441,"template":"","meta":{"_acf_changed":false},"product_brand":[11124],"product_cat":[13097,13106],"product_tag":[],"class_list":{"0":"post-33434","1":"product","2":"type-product","3":"status-publish","4":"has-post-thumbnail","6":"product_brand-blue-force-gear","7":"product_cat-tasker","8":"product_cat-udstyr","10":"first","11":"instock","12":"taxable","13":"shipping-taxable","14":"purchasable","15":"product-type-variable","16":"wvs-archive-product-wrapper"},"acf":[],"_links":{"self":[{"href":"https:\/\/staging.nbg.eu\/da\/wp-json\/wp\/v2\/product\/33434","targetHints":{"allow":["GET"]}}],"collection":[{"href":"https:\/\/staging.nbg.eu\/da\/wp-json\/wp\/v2\/product"}],"about":[{"href":"https:\/\/staging.nbg.eu\/da\/wp-json\/wp\/v2\/types\/product"}],"wp:featuredmedia":[{"embeddable":true,"href":"https:\/\/staging.nbg.eu\/da\/wp-json\/wp\/v2\/media\/33441"}],"wp:attachment":[{"href":"https:\/\/staging.nbg.eu\/da\/wp-json\/wp\/v2\/media?parent=33434"}],"wp:term":[{"taxonomy":"product_brand","embeddable":true,"href":"https:\/\/staging.nbg.eu\/da\/wp-json\/wp\/v2\/product_brand?post=33434"},{"taxonomy":"product_cat","embeddable":true,"href":"https:\/\/staging.nbg.eu\/da\/wp-json\/wp\/v2\/product_cat?post=33434"},{"taxonomy":"product_tag","embeddable":true,"href":"https:\/\/staging.nbg.eu\/da\/wp-json\/wp\/v2\/product_tag?post=33434"}],"curies":[{"name":"wp","href":"https:\/\/api.w.org\/{rel}","templated":true}]}}