{"id":33174,"date":"2024-01-30T18:06:01","date_gmt":"2024-08-27T12:55:13","guid":{"rendered":"https:\/\/staging.nbg.eu\/product\/plate6-molleminus-plate-carrier\/"},"modified":"2024-08-27T12:56:17","modified_gmt":"2024-08-27T12:56:17","slug":"plate6-molleminus-plade-baerer","status":"publish","type":"product","link":"https:\/\/staging.nbg.eu\/da\/vare\/plate6-molleminus-plade-baerer\/","title":{"rendered":"PLATE6\u00ae MOLLEminus Plade B\u00e6rer"},"content":{"rendered":"<p>\nPLATE6\u00ae MOLLEminus Plate Carrier fra BlueForceGear er en letv\u00e6gts, lavprofil-l\u00f8sning til taktiske operat\u00f8rer. Den har f\u00f8lgende egenskaber:<\/p>\n<ul>\n<li>Propriet\u00e6r ULTRAcomp\u00ae laminatkonstruktion<\/li>\n<li>Innovativt MOLLEminus-fastg\u00f8relsessystem<\/li>\n<li>Justerbare skulderstropper og maveb\u00e6lte<\/li>\n<li>Kompatibel med SAPI\/ESAPI-plader op til 25,4&#215;30,5 cm<\/li>\n<li>Hurtigudl\u00f8sningssystem til hurtig aftagning<\/li>\n<li>Lasersk\u00e5rne ventilationsporte for forbedret \u00e5ndbarhed<\/li>\n<li>F\u00e5s i flere farver<\/li>\n<\/ul>\n<p>PLATE6\u00ae er designet til maksimal mobilitet og minimal v\u00e6gt og tilbyder overlegen beskyttelse uden at g\u00e5 p\u00e5 kompromis med smidigheden. Perfekt til milit\u00e6r-, politi- og sikkerhedspersonale, der kr\u00e6ver det bedste inden for taktisk udstyr.<\/p>\n","protected":false},"excerpt":{"rendered":"<p>Ultralet, lavprofil pladevest. Tilpasningsdygtig, komfortabel, holdbar.<\/p>\n","protected":false},"featured_media":33178,"template":"","meta":{"_acf_changed":false},"product_brand":[11124],"product_cat":[13121,13106],"product_tag":[],"class_list":{"0":"post-33174","1":"product","2":"type-product","3":"status-publish","4":"has-post-thumbnail","6":"product_brand-blue-force-gear","7":"product_cat-pladeveste","8":"product_cat-udstyr","10":"first","11":"instock","12":"taxable","13":"shipping-taxable","14":"purchasable","15":"product-type-variable","16":"wvs-archive-product-wrapper"},"acf":[],"_links":{"self":[{"href":"https:\/\/staging.nbg.eu\/da\/wp-json\/wp\/v2\/product\/33174","targetHints":{"allow":["GET"]}}],"collection":[{"href":"https:\/\/staging.nbg.eu\/da\/wp-json\/wp\/v2\/product"}],"about":[{"href":"https:\/\/staging.nbg.eu\/da\/wp-json\/wp\/v2\/types\/product"}],"wp:featuredmedia":[{"embeddable":true,"href":"https:\/\/staging.nbg.eu\/da\/wp-json\/wp\/v2\/media\/33178"}],"wp:attachment":[{"href":"https:\/\/staging.nbg.eu\/da\/wp-json\/wp\/v2\/media?parent=33174"}],"wp:term":[{"taxonomy":"product_brand","embeddable":true,"href":"https:\/\/staging.nbg.eu\/da\/wp-json\/wp\/v2\/product_brand?post=33174"},{"taxonomy":"product_cat","embeddable":true,"href":"https:\/\/staging.nbg.eu\/da\/wp-json\/wp\/v2\/product_cat?post=33174"},{"taxonomy":"product_tag","embeddable":true,"href":"https:\/\/staging.nbg.eu\/da\/wp-json\/wp\/v2\/product_tag?post=33174"}],"curies":[{"name":"wp","href":"https:\/\/api.w.org\/{rel}","templated":true}]}}