{"id":31595,"date":"2024-08-18T19:30:03","date_gmt":"2024-08-24T13:46:00","guid":{"rendered":"https:\/\/staging.nbg.eu\/product\/daa-22x22mm-target-patches\/"},"modified":"2024-09-10T07:35:42","modified_gmt":"2024-09-10T07:35:42","slug":"daa-22x22mm-mal-patches","status":"publish","type":"product","link":"https:\/\/staging.nbg.eu\/da\/vare\/daa-22x22mm-mal-patches\/","title":{"rendered":"Daa 22X22Mm M\u00e5l Patches"},"content":{"rendered":"<div class=\"product-description\">\n<h2>DAA 22x22mm M\u00e5lm\u00e6rker<\/h2>\n<p>Forbedre din skyderoplevelse med DAA&#8217;s skr\u00e6ddersyede m\u00e5lm\u00e6rker, designet til at blende perfekt med almindelige papskiver.<\/p>\n<ul>\n<li>Farvetilpasset for n\u00e6sten usynlig anvendelse p\u00e5 almindelige skydeskiver<\/li>\n<li>Unik 22x22mm firkantet design for st\u00f8rre d\u00e6kning<\/li>\n<li>Nemmere og hurtigere at p\u00e5f\u00f8re end standard runde m\u00e6rker<\/li>\n<li>1.000 m\u00e6rker pr. rulle, 10 ruller pr. \u00e6ske<\/li>\n<\/ul>\n<p>Disse premium m\u00e6rker tilbyder overlegen d\u00e6kning og effektivitet sammenlignet med standard 20mm runde m\u00e6rker. Deres firkantede form g\u00f8r det muligt at p\u00e5f\u00f8re dem hurtigere uden behov for pr\u00e6cis sigte. Uanset om du er professionel eller fritidsskytte, giver DAA m\u00e5lm\u00e6rker en problemfri l\u00f8sning til at forl\u00e6nge levetiden p\u00e5 dine skydeskiver under alle vejrforhold.<\/p>\n<\/div>\n","protected":false},"excerpt":{"rendered":"<p>Vejrbestandige 22x22mm m\u00e5lskiver. 1000\/rulle, 10 ruller\/pakke.<\/p>\n","protected":false},"featured_media":29095,"template":"","meta":{"_acf_changed":false},"product_brand":[11266],"product_cat":[13112,13104,13137],"product_tag":[],"class_list":{"0":"post-31595","1":"product","2":"type-product","3":"status-publish","4":"has-post-thumbnail","6":"product_brand-doublealpha","7":"product_cat-papirskiver","8":"product_cat-pletter-og-pletpistoler","9":"product_cat-skydeskiver","11":"first","12":"instock","13":"taxable","14":"shipping-taxable","15":"purchasable","16":"product-type-variable","17":"wvs-archive-product-wrapper"},"acf":[],"_links":{"self":[{"href":"https:\/\/staging.nbg.eu\/da\/wp-json\/wp\/v2\/product\/31595","targetHints":{"allow":["GET"]}}],"collection":[{"href":"https:\/\/staging.nbg.eu\/da\/wp-json\/wp\/v2\/product"}],"about":[{"href":"https:\/\/staging.nbg.eu\/da\/wp-json\/wp\/v2\/types\/product"}],"wp:featuredmedia":[{"embeddable":true,"href":"https:\/\/staging.nbg.eu\/da\/wp-json\/wp\/v2\/media\/29095"}],"wp:attachment":[{"href":"https:\/\/staging.nbg.eu\/da\/wp-json\/wp\/v2\/media?parent=31595"}],"wp:term":[{"taxonomy":"product_brand","embeddable":true,"href":"https:\/\/staging.nbg.eu\/da\/wp-json\/wp\/v2\/product_brand?post=31595"},{"taxonomy":"product_cat","embeddable":true,"href":"https:\/\/staging.nbg.eu\/da\/wp-json\/wp\/v2\/product_cat?post=31595"},{"taxonomy":"product_tag","embeddable":true,"href":"https:\/\/staging.nbg.eu\/da\/wp-json\/wp\/v2\/product_tag?post=31595"}],"curies":[{"name":"wp","href":"https:\/\/api.w.org\/{rel}","templated":true}]}}