{"id":31511,"date":"2024-08-18T19:35:37","date_gmt":"2024-08-24T13:43:52","guid":{"rendered":"https:\/\/staging.nbg.eu\/product\/vare-4\/"},"modified":"2024-09-09T15:45:28","modified_gmt":"2024-09-09T15:45:28","slug":"mrbulletfeeder-by-double-alpha-gen-2","status":"publish","type":"product","link":"https:\/\/staging.nbg.eu\/da\/vare\/mrbulletfeeder-by-double-alpha-gen-2\/","title":{"rendered":"Mr.Bulletfeeder By Double-Alpha Gen 2"},"content":{"rendered":"<div class=\"product-description\">\n<h2>Mr.Bulletfeeder af Double-Alpha Gen 2<\/h2>\n<p>Revolutioner din genladningsproces med Mr.Bulletfeeder af Double-Alpha Gen 2. Dette avancerede kugletilf\u00f8rselssystem integreres problemfrit med din progressive genladningspresse og \u00f8ger dramatisk din produktionshastighed og effektivitet.<\/p>\n<ul>\n<li>Kompatibel med flere kalibre<\/li>\n<li>Let at installere og justere<\/li>\n<li>Pr\u00e6cisionsfremstillet for p\u00e5lidelig ydeevne<\/li>\n<li>Reducerer manuel h\u00e5ndtering for sikrere genladning<\/li>\n<li>Holdbar konstruktion til langvarig brug<\/li>\n<\/ul>\n<p>Opgrader dit genladningsudstyr i dag og oplev forskellen med Mr.Bulletfeeder Gen 2!<\/p>\n<\/div>\n","protected":false},"excerpt":{"rendered":"<p>Effektiv kugleindl\u00e6gger til hurtig og pr\u00e6cis genladning. \u00d8ger produktiviteten.<\/p>\n","protected":false},"featured_media":29302,"template":"","meta":{"_acf_changed":false},"product_brand":[11266],"product_cat":[13135,13107],"product_tag":[],"class_list":{"0":"post-31511","1":"product","2":"type-product","3":"status-publish","4":"has-post-thumbnail","6":"product_brand-doublealpha","7":"product_cat-genladning","8":"product_cat-genladningsmaskiner","10":"first","11":"instock","12":"taxable","13":"shipping-taxable","14":"purchasable","15":"product-type-variable","16":"wvs-archive-product-wrapper"},"acf":[],"_links":{"self":[{"href":"https:\/\/staging.nbg.eu\/da\/wp-json\/wp\/v2\/product\/31511","targetHints":{"allow":["GET"]}}],"collection":[{"href":"https:\/\/staging.nbg.eu\/da\/wp-json\/wp\/v2\/product"}],"about":[{"href":"https:\/\/staging.nbg.eu\/da\/wp-json\/wp\/v2\/types\/product"}],"wp:featuredmedia":[{"embeddable":true,"href":"https:\/\/staging.nbg.eu\/da\/wp-json\/wp\/v2\/media\/29302"}],"wp:attachment":[{"href":"https:\/\/staging.nbg.eu\/da\/wp-json\/wp\/v2\/media?parent=31511"}],"wp:term":[{"taxonomy":"product_brand","embeddable":true,"href":"https:\/\/staging.nbg.eu\/da\/wp-json\/wp\/v2\/product_brand?post=31511"},{"taxonomy":"product_cat","embeddable":true,"href":"https:\/\/staging.nbg.eu\/da\/wp-json\/wp\/v2\/product_cat?post=31511"},{"taxonomy":"product_tag","embeddable":true,"href":"https:\/\/staging.nbg.eu\/da\/wp-json\/wp\/v2\/product_tag?post=31511"}],"curies":[{"name":"wp","href":"https:\/\/api.w.org\/{rel}","templated":true}]}}