{"id":31163,"date":"2024-08-18T19:46:48","date_gmt":"2024-08-24T13:33:24","guid":{"rendered":"https:\/\/staging.nbg.eu\/product\/flex-holster-right-hand-color-inlays\/"},"modified":"2025-01-29T09:09:17","modified_gmt":"2025-01-29T09:09:17","slug":"flex-hylster-farve-indlaeg","status":"publish","type":"product","link":"https:\/\/staging.nbg.eu\/da\/vare\/flex-hylster-farve-indlaeg\/","title":{"rendered":"Flex Hylster Farve Indl\u00e6g"},"content":{"rendered":"<div class=\"product-description\">\n<h2>Flex Hylster Farve Indl\u00e6g<\/h2>\n<p>Tilpas dit Flex hylster med disse lasersk\u00e5rede plastik logo indl\u00e6g. Tilg\u00e6ngelige i flere farver, disse indl\u00e6g tilf\u00f8jer et personligt pr\u00e6g til dit hylster.<\/p>\n<ul>\n<li>Nem installation med 3M tape bagside<\/li>\n<li>Aftagelige for farveskift (kan g\u00e5 i stykker ved fjernelse)<\/li>\n<li>Gennemsigtig beskyttelsesfilm inkluderet (kan fjernes for bedste udseende)<\/li>\n<\/ul>\n<p>V\u00e6lg mellem vores udvalg af farver:<\/p>\n<ul class=\"color-options\">\n<li>Sort<\/li>\n<li>Bl\u00e5<\/li>\n<li>Kobber<\/li>\n<li>Guld<\/li>\n<li>Orange<\/li>\n<li>R\u00f8d<\/li>\n<li>S\u00f8lv<\/li>\n<li>Gul<\/li>\n<\/ul>\n<p>Opdater udseendet af dit Flex hylster med disse farve indl\u00e6g.<\/p>\n<\/div>\n","protected":false},"excerpt":{"rendered":"<p>Tilpasselige farveindsatser til Flex Holster: nemme at installere, aftagelige.<\/p>\n","protected":false},"featured_media":29693,"template":"","meta":{"_acf_changed":false},"product_brand":[],"product_cat":[13093,13126,13131],"product_tag":[],"class_list":{"0":"post-31163","1":"product","2":"type-product","3":"status-publish","4":"has-post-thumbnail","6":"product_cat-hylster","7":"product_cat-hylstertilbehor","8":"product_cat-sporthylster","10":"first","11":"instock","12":"taxable","13":"shipping-taxable","14":"purchasable","15":"product-type-variable","16":"wvs-archive-product-wrapper"},"acf":[],"_links":{"self":[{"href":"https:\/\/staging.nbg.eu\/da\/wp-json\/wp\/v2\/product\/31163","targetHints":{"allow":["GET"]}}],"collection":[{"href":"https:\/\/staging.nbg.eu\/da\/wp-json\/wp\/v2\/product"}],"about":[{"href":"https:\/\/staging.nbg.eu\/da\/wp-json\/wp\/v2\/types\/product"}],"wp:featuredmedia":[{"embeddable":true,"href":"https:\/\/staging.nbg.eu\/da\/wp-json\/wp\/v2\/media\/29693"}],"wp:attachment":[{"href":"https:\/\/staging.nbg.eu\/da\/wp-json\/wp\/v2\/media?parent=31163"}],"wp:term":[{"taxonomy":"product_brand","embeddable":true,"href":"https:\/\/staging.nbg.eu\/da\/wp-json\/wp\/v2\/product_brand?post=31163"},{"taxonomy":"product_cat","embeddable":true,"href":"https:\/\/staging.nbg.eu\/da\/wp-json\/wp\/v2\/product_cat?post=31163"},{"taxonomy":"product_tag","embeddable":true,"href":"https:\/\/staging.nbg.eu\/da\/wp-json\/wp\/v2\/product_tag?post=31163"}],"curies":[{"name":"wp","href":"https:\/\/api.w.org\/{rel}","templated":true}]}}