{"id":31042,"date":"2024-08-19T17:23:05","date_gmt":"2024-08-24T13:28:23","guid":{"rendered":"https:\/\/staging.nbg.eu\/product\/admin-dapper-pouch\/"},"modified":"2024-09-02T13:28:54","modified_gmt":"2024-09-02T13:28:54","slug":"admin-dapper-lomme","status":"publish","type":"product","link":"https:\/\/staging.nbg.eu\/da\/vare\/admin-dapper-lomme\/","title":{"rendered":"Admin Dapper Lomme"},"content":{"rendered":"<div class=\"product-description\">\n<h2>BlueForceGear Admin Dapper Taske<\/h2>\n<p>Organiser dine vigtigste ting med den alsidige Admin Dapper Taske fra BlueForceGear. Denne kompakte, lette taske har f\u00f8lgende egenskaber:<\/p>\n<ul>\n<li>Holdbar 500D Cordura-konstruktion<\/li>\n<li>Flere indvendige lommer for effektiv opbevaring<\/li>\n<li>Elastiske l\u00f8kker til sikker fastholdelse af genstande<\/li>\n<li>YKK-lynl\u00e5slukning for hurtig adgang<\/li>\n<\/ul>\n<p>Perfekt til milit\u00e6r, politi eller daglig brug, holder Admin Dapper Tasken dit udstyr organiseret og let tilg\u00e6ngeligt. F\u00e5s i flere farver, s\u00e5 den passer til dit udstyr eller dine pr\u00e6ferencer.<\/p>\n<\/div>\n","protected":false},"excerpt":{"rendered":"<p>Kompakt, alsidig admin-taske til EDC-essentials. Holdbar og elegant.<\/p>\n","protected":false},"featured_media":22403,"template":"","meta":{"_acf_changed":false},"product_brand":[11124],"product_cat":[13097,13106],"product_tag":[],"class_list":{"0":"post-31042","1":"product","2":"type-product","3":"status-publish","4":"has-post-thumbnail","6":"product_brand-blue-force-gear","7":"product_cat-tasker","8":"product_cat-udstyr","10":"first","11":"instock","12":"taxable","13":"shipping-taxable","14":"purchasable","15":"product-type-simple"},"acf":[],"_links":{"self":[{"href":"https:\/\/staging.nbg.eu\/da\/wp-json\/wp\/v2\/product\/31042","targetHints":{"allow":["GET"]}}],"collection":[{"href":"https:\/\/staging.nbg.eu\/da\/wp-json\/wp\/v2\/product"}],"about":[{"href":"https:\/\/staging.nbg.eu\/da\/wp-json\/wp\/v2\/types\/product"}],"wp:featuredmedia":[{"embeddable":true,"href":"https:\/\/staging.nbg.eu\/da\/wp-json\/wp\/v2\/media\/22403"}],"wp:attachment":[{"href":"https:\/\/staging.nbg.eu\/da\/wp-json\/wp\/v2\/media?parent=31042"}],"wp:term":[{"taxonomy":"product_brand","embeddable":true,"href":"https:\/\/staging.nbg.eu\/da\/wp-json\/wp\/v2\/product_brand?post=31042"},{"taxonomy":"product_cat","embeddable":true,"href":"https:\/\/staging.nbg.eu\/da\/wp-json\/wp\/v2\/product_cat?post=31042"},{"taxonomy":"product_tag","embeddable":true,"href":"https:\/\/staging.nbg.eu\/da\/wp-json\/wp\/v2\/product_tag?post=31042"}],"curies":[{"name":"wp","href":"https:\/\/api.w.org\/{rel}","templated":true}]}}