{"id":30963,"date":"2024-08-18T19:55:34","date_gmt":"2024-08-24T13:23:15","guid":{"rendered":"https:\/\/staging.nbg.eu\/product\/vare-3\/"},"modified":"2024-08-24T13:26:00","modified_gmt":"2024-08-24T13:26:00","slug":"sordin-supreme-pro-x-horevaern","status":"publish","type":"product","link":"https:\/\/staging.nbg.eu\/da\/vare\/sordin-supreme-pro-x-horevaern\/","title":{"rendered":"Sordin Supreme-Pro X h\u00f8rev\u00e6rn"},"content":{"rendered":"<div class=\"product-description\">\n<h2>Sordin Supreme-Pro X H\u00f8rev\u00e6rn<\/h2>\n<p>Oplev overlegen h\u00f8rebeskyttelse med Sordin Supreme-Pro X. Disse avancerede h\u00f8rev\u00e6rn tilbyder:<\/p>\n<ul>\n<li>Aktiv st\u00f8jreduktion for optimal sikkerhed<\/li>\n<li>Forst\u00e6rkning af omgivende lyd for situationsbevidsthed<\/li>\n<li>Vandt\u00e6t design til brug i al slags vejr<\/li>\n<li>Behagelig, ergonomisk pasform til l\u00e6ngerevarende brug<\/li>\n<li>Slank profil for problemfri integration med andet udstyr<\/li>\n<\/ul>\n<p>Perfekt til skydning, jagt eller industrielle anvendelser, Supreme-Pro X giver uovertruffen h\u00f8rebeskyttelse uden at g\u00e5 p\u00e5 kompromis med kommunikation eller milj\u00f8bevidsthed. Beskyt din h\u00f8relse med Sordins banebrydende teknologi.<\/p>\n<\/div>\n","protected":false},"excerpt":{"rendered":"<p>Sordin Supreme-Pro X: Eliteh\u00f8rev\u00e6rn med krystalklar lyd.<\/p>\n","protected":false},"featured_media":30268,"template":"","meta":{"_acf_changed":false},"product_brand":[],"product_cat":[13101,13106,13155],"product_tag":[],"class_list":{"0":"post-30963","1":"product","2":"type-product","3":"status-publish","4":"has-post-thumbnail","6":"product_cat-horevaern","7":"product_cat-udstyr","8":"product_cat-ukategoriseret","10":"first","11":"instock","12":"taxable","13":"shipping-taxable","14":"purchasable","15":"product-type-variable","16":"wvs-archive-product-wrapper"},"acf":[],"_links":{"self":[{"href":"https:\/\/staging.nbg.eu\/da\/wp-json\/wp\/v2\/product\/30963","targetHints":{"allow":["GET"]}}],"collection":[{"href":"https:\/\/staging.nbg.eu\/da\/wp-json\/wp\/v2\/product"}],"about":[{"href":"https:\/\/staging.nbg.eu\/da\/wp-json\/wp\/v2\/types\/product"}],"wp:featuredmedia":[{"embeddable":true,"href":"https:\/\/staging.nbg.eu\/da\/wp-json\/wp\/v2\/media\/30268"}],"wp:attachment":[{"href":"https:\/\/staging.nbg.eu\/da\/wp-json\/wp\/v2\/media?parent=30963"}],"wp:term":[{"taxonomy":"product_brand","embeddable":true,"href":"https:\/\/staging.nbg.eu\/da\/wp-json\/wp\/v2\/product_brand?post=30963"},{"taxonomy":"product_cat","embeddable":true,"href":"https:\/\/staging.nbg.eu\/da\/wp-json\/wp\/v2\/product_cat?post=30963"},{"taxonomy":"product_tag","embeddable":true,"href":"https:\/\/staging.nbg.eu\/da\/wp-json\/wp\/v2\/product_tag?post=30963"}],"curies":[{"name":"wp","href":"https:\/\/api.w.org\/{rel}","templated":true}]}}