{"id":290451,"date":"2025-03-02T06:50:24","date_gmt":"2025-03-27T10:27:33","guid":{"rendered":"https:\/\/staging.nbg.eu\/prodcut\/area-419-railchanger-shmedium-from-armageddon-gear\/"},"modified":"2025-03-27T10:29:52","modified_gmt":"2025-03-27T10:29:52","slug":"area-419-railchanger-shmedium-from-armageddon-gear","status":"publish","type":"product","link":"https:\/\/staging.nbg.eu\/da\/vare\/area-419-railchanger-shmedium-from-armageddon-gear\/","title":{"rendered":"Area 419 &#8211; RailChanger Shmedium from Armageddon Gear"},"content":{"rendered":"<h2>Area 419 &#8211; RailChanger Shmedium<\/h2>\n<h2>af Armageddon Gear<\/h2>\n<p>RailChanger Shmedium er en skydest\u00f8tte. Den har en mellemst\u00f8rrelse og t\u00e6t fyld, hvilket g\u00f8r den velegnet til skydebanen.<\/p>\n<ul>\n<li><strong>Design:<\/strong> Har lasersk\u00e5rne paneler p\u00e5 top og side til montering p\u00e5 RCX<\/li>\n<li><strong>St\u00f8rrelse:<\/strong> 20,3 \u00d7 15,2 \u00d7 15,2 cm<\/li>\n<li><strong>V\u00e6gt:<\/strong> 3,2 kg<\/li>\n<li><strong>Kvalitet:<\/strong> Fremstillet af Armageddon Gear<\/li>\n<\/ul>\n<p>RailChanger Shmedium er en praktisk st\u00f8ttepude til brug p\u00e5 skydebanen.<\/p>\n","protected":false},"excerpt":{"rendered":"<p>Kompakt, t\u00e6tpakket GameChanger til RCX. Perfekt f\u00f8lgesvend p\u00e5 skydebanen.<\/p>\n","protected":false},"featured_media":233489,"template":"","meta":{"_acf_changed":false},"product_brand":[11042],"product_cat":[13139,390],"product_tag":[],"class_list":{"0":"post-290451","1":"product","2":"type-product","3":"status-publish","4":"has-post-thumbnail","6":"product_brand-area-419","7":"product_cat-riffel","8":"product_cat-aiming","10":"first","11":"instock","12":"taxable","13":"shipping-taxable","14":"purchasable","15":"product-type-simple"},"acf":[],"_links":{"self":[{"href":"https:\/\/staging.nbg.eu\/da\/wp-json\/wp\/v2\/product\/290451","targetHints":{"allow":["GET"]}}],"collection":[{"href":"https:\/\/staging.nbg.eu\/da\/wp-json\/wp\/v2\/product"}],"about":[{"href":"https:\/\/staging.nbg.eu\/da\/wp-json\/wp\/v2\/types\/product"}],"wp:featuredmedia":[{"embeddable":true,"href":"https:\/\/staging.nbg.eu\/da\/wp-json\/wp\/v2\/media\/233489"}],"wp:attachment":[{"href":"https:\/\/staging.nbg.eu\/da\/wp-json\/wp\/v2\/media?parent=290451"}],"wp:term":[{"taxonomy":"product_brand","embeddable":true,"href":"https:\/\/staging.nbg.eu\/da\/wp-json\/wp\/v2\/product_brand?post=290451"},{"taxonomy":"product_cat","embeddable":true,"href":"https:\/\/staging.nbg.eu\/da\/wp-json\/wp\/v2\/product_cat?post=290451"},{"taxonomy":"product_tag","embeddable":true,"href":"https:\/\/staging.nbg.eu\/da\/wp-json\/wp\/v2\/product_tag?post=290451"}],"curies":[{"name":"wp","href":"https:\/\/api.w.org\/{rel}","templated":true}]}}