{"id":289989,"date":"2025-03-06T10:55:57","date_gmt":"2025-03-06T10:55:57","guid":{"rendered":"https:\/\/staging.nbg.eu\/prodcut\/surefire-xr1-a-weapon-light\/"},"modified":"2025-03-26T21:49:45","modified_gmt":"2025-03-26T21:49:45","slug":"surefire-xr1-a-weapon-light","status":"publish","type":"product","link":"https:\/\/staging.nbg.eu\/da\/vare\/surefire-xr1-a-weapon-light\/","title":{"rendered":"SureFire XR1-A Weapon Light"},"content":{"rendered":"<div class=\"product-description\">\n<h2>SureFire XR1-A V\u00e5benlys<\/h2>\n<p>SureFire XR1-A er et genopladeligt v\u00e5benlys til skjult b\u00e6ring. Det leverer 800 lumen hvidt lys og er egnet til mellemstore h\u00e5ndv\u00e5ben.<\/p>\n<h2>Hovedfunktioner:<\/h2>\n<ul>\n<li>To rekylsikre LED&#8217;er med 800 lumen output<\/li>\n<li>Kombineret lysm\u00f8nster til identifikation og situationsbevidsthed<\/li>\n<li>Aftagelig, genopladeligt lithium-polymer batteri<\/li>\n<li>Let og kompakt design (75 gram)<\/li>\n<li>Mil-Spec h\u00e5rd-anodiseret aluminiumskrop<\/li>\n<li>Sikker fire-punkts skinnebeslag<\/li>\n<li>Ambidekstr\u00f8s momentan og konstant t\u00e6nding<\/li>\n<li>Batteriindikator til overv\u00e5gning af opladning<\/li>\n<\/ul>\n<h2>Ydeevne:<\/h2>\n<ul>\n<li>Maksimal str\u00e5leintensitet: 16.000 candela<\/li>\n<li>Driftstid: 40 minutter ved h\u00f8j intensitet<\/li>\n<li>Str\u00e5leafstand: 250 meter<\/li>\n<\/ul>\n<p>XR1-A&#8217;s parabolske reflektorteknologi giver en j\u00e6vn lysstr\u00e5le. Batteriet kan udskiftes uden at fjerne lyset fra v\u00e5bnet.<\/p>\n<p>SureFire XR1-A er designet til at v\u00e6re kompakt og egnet til skjult b\u00e6ring, samtidig med at det yder h\u00f8j lysstyrke.<\/p>\n<\/div>\n","protected":false},"excerpt":{"rendered":"<p>SureFire XR1-A: 800-lumen genopladelig v\u00e5benlygte til h\u00e5ndv\u00e5ben.<\/p>\n","protected":false},"featured_media":241805,"template":"","meta":{"_acf_changed":false},"product_brand":[11861],"product_cat":[13130,13096,13123],"product_tag":[],"class_list":{"0":"post-289989","1":"product","2":"type-product","3":"status-publish","4":"has-post-thumbnail","6":"product_brand-surefire","7":"product_cat-lygter","8":"product_cat-pistol","9":"product_cat-pistollygter","11":"first","12":"instock","13":"taxable","14":"shipping-taxable","15":"purchasable","16":"product-type-simple"},"acf":[],"_links":{"self":[{"href":"https:\/\/staging.nbg.eu\/da\/wp-json\/wp\/v2\/product\/289989","targetHints":{"allow":["GET"]}}],"collection":[{"href":"https:\/\/staging.nbg.eu\/da\/wp-json\/wp\/v2\/product"}],"about":[{"href":"https:\/\/staging.nbg.eu\/da\/wp-json\/wp\/v2\/types\/product"}],"wp:featuredmedia":[{"embeddable":true,"href":"https:\/\/staging.nbg.eu\/da\/wp-json\/wp\/v2\/media\/241805"}],"wp:attachment":[{"href":"https:\/\/staging.nbg.eu\/da\/wp-json\/wp\/v2\/media?parent=289989"}],"wp:term":[{"taxonomy":"product_brand","embeddable":true,"href":"https:\/\/staging.nbg.eu\/da\/wp-json\/wp\/v2\/product_brand?post=289989"},{"taxonomy":"product_cat","embeddable":true,"href":"https:\/\/staging.nbg.eu\/da\/wp-json\/wp\/v2\/product_cat?post=289989"},{"taxonomy":"product_tag","embeddable":true,"href":"https:\/\/staging.nbg.eu\/da\/wp-json\/wp\/v2\/product_tag?post=289989"}],"curies":[{"name":"wp","href":"https:\/\/api.w.org\/{rel}","templated":true}]}}