{"id":289878,"date":"2025-03-01T16:08:15","date_gmt":"2025-03-26T21:40:04","guid":{"rendered":"https:\/\/staging.nbg.eu\/prodcut\/area-419-arcalock-barricade-stop\/"},"modified":"2025-03-26T21:42:26","modified_gmt":"2025-03-26T21:42:26","slug":"area-419-arcalock-barricade-stop","status":"publish","type":"product","link":"https:\/\/staging.nbg.eu\/da\/vare\/area-419-arcalock-barricade-stop\/","title":{"rendered":"Area 419 &#8211; ARCALOCK Barricade Stop"},"content":{"rendered":"<h2>Area 419 &#8211; ARCALOCK Barrikadestop<\/h2>\n<p>Udvid dit ARCALOCK-system med dette ekstra barrikadestop, designet til stabilitet og pr\u00e6cision.<\/p>\n<h2>Hovedfunktioner:<\/h2>\n<ul>\n<li>Kompatibelt boltm\u00f8nster med Atlas-toben<\/li>\n<li>Alsidig installation: placer mellem klemme og toben eller brug separat<\/li>\n<li>Forreste t\u00e6nder for bedre greb p\u00e5 barrikader<\/li>\n<li>Fremstillet internt af holdbart 6061-T6 aluminium<\/li>\n<li>Let v\u00e6gt p\u00e5 0,23 kg<\/li>\n<li>Kompakte m\u00e5l: 15,2 cm \u00d7 8,9 cm \u00d7 5,1 cm<\/li>\n<\/ul>\n<p><strong>Bem\u00e6rk:<\/strong> Kun barrikadestop; klemme og toben medf\u00f8lger ikke. Ikke kompatibel med Harris-toben uden vores forl\u00e6ngerstykke.<\/p>\n<p>Forbedrer din skydeoplevelse med Area 419 ARCALOCK Barrikadestop &#8211; et tilbeh\u00f8r til stabilitet i alle milj\u00f8er.<\/p>\n","protected":false},"excerpt":{"rendered":"<p>Area 419 ARCALOCK Barrikadestop: Sikkert greb til pr\u00e6cisionsskydning.<\/p>\n","protected":false},"featured_media":233034,"template":"","meta":{"_acf_changed":false},"product_brand":[11042],"product_cat":[13139,13088,13110,13087],"product_tag":[],"class_list":{"0":"post-289878","1":"product","2":"type-product","3":"status-publish","4":"has-post-thumbnail","6":"product_brand-area-419","7":"product_cat-riffel","8":"product_cat-riffel-tuning","9":"product_cat-riffelgreb","10":"product_cat-skinner","12":"first","13":"instock","14":"taxable","15":"shipping-taxable","16":"purchasable","17":"product-type-simple"},"acf":[],"_links":{"self":[{"href":"https:\/\/staging.nbg.eu\/da\/wp-json\/wp\/v2\/product\/289878","targetHints":{"allow":["GET"]}}],"collection":[{"href":"https:\/\/staging.nbg.eu\/da\/wp-json\/wp\/v2\/product"}],"about":[{"href":"https:\/\/staging.nbg.eu\/da\/wp-json\/wp\/v2\/types\/product"}],"wp:featuredmedia":[{"embeddable":true,"href":"https:\/\/staging.nbg.eu\/da\/wp-json\/wp\/v2\/media\/233034"}],"wp:attachment":[{"href":"https:\/\/staging.nbg.eu\/da\/wp-json\/wp\/v2\/media?parent=289878"}],"wp:term":[{"taxonomy":"product_brand","embeddable":true,"href":"https:\/\/staging.nbg.eu\/da\/wp-json\/wp\/v2\/product_brand?post=289878"},{"taxonomy":"product_cat","embeddable":true,"href":"https:\/\/staging.nbg.eu\/da\/wp-json\/wp\/v2\/product_cat?post=289878"},{"taxonomy":"product_tag","embeddable":true,"href":"https:\/\/staging.nbg.eu\/da\/wp-json\/wp\/v2\/product_tag?post=289878"}],"curies":[{"name":"wp","href":"https:\/\/api.w.org\/{rel}","templated":true}]}}