{"id":289742,"date":"2025-03-01T16:03:10","date_gmt":"2025-03-26T21:34:57","guid":{"rendered":"https:\/\/staging.nbg.eu\/prodcut\/area-419-arcalock-8-universal-dovetail-rail\/"},"modified":"2025-03-26T21:37:21","modified_gmt":"2025-03-26T21:37:21","slug":"area-419-arcalock-8-universal-dovetail-rail","status":"publish","type":"product","link":"https:\/\/staging.nbg.eu\/da\/vare\/area-419-arcalock-8-universal-dovetail-rail\/","title":{"rendered":"Area 419 &#8211; ARCALOCK 8&#8243; Universal Dovetail Rail"},"content":{"rendered":"<div class=\"product-description\">\n<h2>Area 419 &#8211; ARCALOCK 8&#8243; Universal Svalehaleskinne<\/h2>\n<p>ARCALOCK 8&#8243; Universal Svalehaleskinne fra Area 419 har f\u00f8lgende egenskaber:<\/p>\n<ul>\n<li>Takkede sider til mekanisk l\u00e5sning med Area 419 klemmer<\/li>\n<li>Kompatibel med standard ARCA tilbeh\u00f8r<\/li>\n<li>8&#8243; l\u00e6ngde til fuld d\u00e6kning af forsk\u00e6fte<\/li>\n<li>Vejer 3 oz<\/li>\n<li>Overholder RRS 1.5&#8243; Svalehale Standard<\/li>\n<li>Afrundede kanter<\/li>\n<li>Type 3 H\u00e5rd eloxeret overflade<\/li>\n<li>Fremstillet i USA af 6061-T6 Aluminium<\/li>\n<\/ul>\n<p>ARCALOCK skinnesystemet er designet til at forbedre skydepr\u00e6stationen.<\/p>\n<\/div>\n","protected":false},"excerpt":{"rendered":"<p>Area 419 ARCALOCK: 8&#8243; l\u00e5sende svalehaleskinne til pr\u00e6cisionsrifler.<\/p>\n","protected":false},"featured_media":232884,"template":"","meta":{"_acf_changed":false},"product_brand":[11042],"product_cat":[13139,13087,390],"product_tag":[],"class_list":{"0":"post-289742","1":"product","2":"type-product","3":"status-publish","4":"has-post-thumbnail","6":"product_brand-area-419","7":"product_cat-riffel","8":"product_cat-skinner","9":"product_cat-aiming","11":"first","12":"instock","13":"taxable","14":"shipping-taxable","15":"purchasable","16":"product-type-simple"},"acf":[],"_links":{"self":[{"href":"https:\/\/staging.nbg.eu\/da\/wp-json\/wp\/v2\/product\/289742","targetHints":{"allow":["GET"]}}],"collection":[{"href":"https:\/\/staging.nbg.eu\/da\/wp-json\/wp\/v2\/product"}],"about":[{"href":"https:\/\/staging.nbg.eu\/da\/wp-json\/wp\/v2\/types\/product"}],"wp:featuredmedia":[{"embeddable":true,"href":"https:\/\/staging.nbg.eu\/da\/wp-json\/wp\/v2\/media\/232884"}],"wp:attachment":[{"href":"https:\/\/staging.nbg.eu\/da\/wp-json\/wp\/v2\/media?parent=289742"}],"wp:term":[{"taxonomy":"product_brand","embeddable":true,"href":"https:\/\/staging.nbg.eu\/da\/wp-json\/wp\/v2\/product_brand?post=289742"},{"taxonomy":"product_cat","embeddable":true,"href":"https:\/\/staging.nbg.eu\/da\/wp-json\/wp\/v2\/product_cat?post=289742"},{"taxonomy":"product_tag","embeddable":true,"href":"https:\/\/staging.nbg.eu\/da\/wp-json\/wp\/v2\/product_tag?post=289742"}],"curies":[{"name":"wp","href":"https:\/\/api.w.org\/{rel}","templated":true}]}}