{"id":289646,"date":"2025-03-01T15:55:52","date_gmt":"2025-03-26T21:31:39","guid":{"rendered":"https:\/\/staging.nbg.eu\/prodcut\/area-419-arcalock-4-25-universal-dovetail-rail\/"},"modified":"2025-03-26T21:34:05","modified_gmt":"2025-03-26T21:34:05","slug":"area-419-arcalock-4-25-universal-dovetail-rail","status":"publish","type":"product","link":"https:\/\/staging.nbg.eu\/da\/vare\/area-419-arcalock-4-25-universal-dovetail-rail\/","title":{"rendered":"Area 419 &#8211; ARCALOCK 4.25&#8243; Universal Dovetail Rail"},"content":{"rendered":"<h2>Area 419 &#8211; ARCALOCK 4,25&#8243; Universel Svalehale Skinne<\/h2>\n<p>Area 419 ARCALOCK 4,25&#8243; Universel Svalehale Skinne er fremstillet af 6061 billet aluminium, hvilket sikrer holdbarhed og p\u00e5lidelighed.<\/p>\n<h2>Hovedfunktioner:<\/h2>\n<ul>\n<li>Materiale: 6061 billet aluminium<\/li>\n<li>Overflade: Sort h\u00e5rdanodiseret<\/li>\n<li>L\u00e6ngde: 4,25 tommer<\/li>\n<li>Universelt svalehaledesign for alsidig kompatibilitet<\/li>\n<li>Pr\u00e6cisionsfremstillet<\/li>\n<\/ul>\n<h2>Produktspecifikationer:<\/h2>\n<ul>\n<li>V\u00e6gt: 454 g<\/li>\n<li>M\u00e5l: 20,3 \u00d7 10,2 \u00d7 2,5 cm<\/li>\n<li>Producent: Area 419<\/li>\n<\/ul>\n<p>Denne ARCALOCK skinne er designet til at give en stabil monteringsplatform for forskellige tilbeh\u00f8r. Egnet til konkurrenceskytter og entusiaster.<\/p>\n","protected":false},"excerpt":{"rendered":"<p>Area 419 ARCALOCK: Holdbar 4,25&#8243; svalehaleramme, sort anodiseret aluminium.<\/p>\n","protected":false},"featured_media":232768,"template":"","meta":{"_acf_changed":false},"product_brand":[11042],"product_cat":[13139,13087,390],"product_tag":[],"class_list":{"0":"post-289646","1":"product","2":"type-product","3":"status-publish","4":"has-post-thumbnail","6":"product_brand-area-419","7":"product_cat-riffel","8":"product_cat-skinner","9":"product_cat-aiming","11":"first","12":"instock","13":"taxable","14":"shipping-taxable","15":"purchasable","16":"product-type-simple"},"acf":[],"_links":{"self":[{"href":"https:\/\/staging.nbg.eu\/da\/wp-json\/wp\/v2\/product\/289646","targetHints":{"allow":["GET"]}}],"collection":[{"href":"https:\/\/staging.nbg.eu\/da\/wp-json\/wp\/v2\/product"}],"about":[{"href":"https:\/\/staging.nbg.eu\/da\/wp-json\/wp\/v2\/types\/product"}],"wp:featuredmedia":[{"embeddable":true,"href":"https:\/\/staging.nbg.eu\/da\/wp-json\/wp\/v2\/media\/232768"}],"wp:attachment":[{"href":"https:\/\/staging.nbg.eu\/da\/wp-json\/wp\/v2\/media?parent=289646"}],"wp:term":[{"taxonomy":"product_brand","embeddable":true,"href":"https:\/\/staging.nbg.eu\/da\/wp-json\/wp\/v2\/product_brand?post=289646"},{"taxonomy":"product_cat","embeddable":true,"href":"https:\/\/staging.nbg.eu\/da\/wp-json\/wp\/v2\/product_cat?post=289646"},{"taxonomy":"product_tag","embeddable":true,"href":"https:\/\/staging.nbg.eu\/da\/wp-json\/wp\/v2\/product_tag?post=289646"}],"curies":[{"name":"wp","href":"https:\/\/api.w.org\/{rel}","templated":true}]}}