{"id":289395,"date":"2025-03-01T15:46:12","date_gmt":"2025-03-26T21:23:16","guid":{"rendered":"https:\/\/staging.nbg.eu\/prodcut\/area-419-arcalock-14-universal-dovetail-rail\/"},"modified":"2025-03-26T21:25:42","modified_gmt":"2025-03-26T21:25:42","slug":"area-419-arcalock-14-universal-dovetail-rail","status":"publish","type":"product","link":"https:\/\/staging.nbg.eu\/da\/vare\/area-419-arcalock-14-universal-dovetail-rail\/","title":{"rendered":"Area 419 &#8211; ARCALOCK 14&#8243; Universal Dovetail Rail"},"content":{"rendered":"<h2>Area 419 &#8211; ARCALOCK 14&#8243; Universal svalehaler\u00e6ling<\/h2>\n<p>ARCALOCK 14&#8243; Universal svalehaler\u00e6ling fra Area 419 har f\u00f8lgende egenskaber:<\/p>\n<ul>\n<li>Takkede sider til mekanisk l\u00e5sning med Area 419 klemmer<\/li>\n<li>65 l\u00e5sepositioner p\u00e5 den 14&#8243; lange r\u00e6ling<\/li>\n<li>Bagudkompatibel med standard Arca-tilbeh\u00f8r<\/li>\n<li>Takket fast bageste barrikadestop med forl\u00e6ngerprop<\/li>\n<li>Vejer 5,6 oz<\/li>\n<li>Fremstillet efter RRS 1,5&#8243; svalehalestandard<\/li>\n<li>Afrundede hj\u00f8rner og affasede kanter<\/li>\n<li>Type 3 h\u00e5rd anodiseret 6061-T6 aluminiumskonstruktion<\/li>\n<li>Fremstillet i USA<\/li>\n<\/ul>\n<p>ARCALOCK-r\u00e6lingssystemet er designet til pr\u00e6cision.<\/p>\n","protected":false},"excerpt":{"rendered":"<p>&#8220;L\u00e5sende ARCA-skinne til pr\u00e6cisionsrifler. 35,6 cm, 65 positioner, 159 gram.&#8221;<\/p>\n","protected":false},"featured_media":232581,"template":"","meta":{"_acf_changed":false},"product_brand":[11042],"product_cat":[13139,13087,390],"product_tag":[],"class_list":{"0":"post-289395","1":"product","2":"type-product","3":"status-publish","4":"has-post-thumbnail","6":"product_brand-area-419","7":"product_cat-riffel","8":"product_cat-skinner","9":"product_cat-aiming","11":"first","12":"instock","13":"taxable","14":"shipping-taxable","15":"purchasable","16":"product-type-simple"},"acf":[],"_links":{"self":[{"href":"https:\/\/staging.nbg.eu\/da\/wp-json\/wp\/v2\/product\/289395","targetHints":{"allow":["GET"]}}],"collection":[{"href":"https:\/\/staging.nbg.eu\/da\/wp-json\/wp\/v2\/product"}],"about":[{"href":"https:\/\/staging.nbg.eu\/da\/wp-json\/wp\/v2\/types\/product"}],"wp:featuredmedia":[{"embeddable":true,"href":"https:\/\/staging.nbg.eu\/da\/wp-json\/wp\/v2\/media\/232581"}],"wp:attachment":[{"href":"https:\/\/staging.nbg.eu\/da\/wp-json\/wp\/v2\/media?parent=289395"}],"wp:term":[{"taxonomy":"product_brand","embeddable":true,"href":"https:\/\/staging.nbg.eu\/da\/wp-json\/wp\/v2\/product_brand?post=289395"},{"taxonomy":"product_cat","embeddable":true,"href":"https:\/\/staging.nbg.eu\/da\/wp-json\/wp\/v2\/product_cat?post=289395"},{"taxonomy":"product_tag","embeddable":true,"href":"https:\/\/staging.nbg.eu\/da\/wp-json\/wp\/v2\/product_tag?post=289395"}],"curies":[{"name":"wp","href":"https:\/\/api.w.org\/{rel}","templated":true}]}}