{"id":289189,"date":"2025-03-05T07:40:12","date_gmt":"2025-03-05T07:40:12","guid":{"rendered":"https:\/\/staging.nbg.eu\/prodcut\/magpul-moe-sl-carbine-stock-for-ar15-m4\/"},"modified":"2025-03-26T21:05:47","modified_gmt":"2025-03-26T21:05:47","slug":"magpul-moe-sl-carbine-stock-for-ar15-m4","status":"publish","type":"product","link":"https:\/\/staging.nbg.eu\/da\/vare\/magpul-moe-sl-carbine-stock-for-ar15-m4\/","title":{"rendered":"Magpul &#8211; MOE SL Carbine Stock for AR15 \/ M4"},"content":{"rendered":"<h2>Magpul MOE SL Karbinkolbe til AR15 \/ M4<\/h2>\n<p>Magpul MOE SL Kolbe er en udskiftningskolbe til Mil-Spec modtagerr\u00f8r p\u00e5 AR15\/M4 karbiner. Denne kolbe, fremstillet i USA, har f\u00f8lgende egenskaber:<\/p>\n<ul>\n<li>Profil med forbedret kindst\u00f8tte<\/li>\n<li>Udl\u00f8sningsmekanisme p\u00e5 begge sider for nem justering<\/li>\n<li>Afrundet ende for skulderskift<\/li>\n<li>Vinklet gummibagplade for greb og beskyttelse<\/li>\n<li>Intern mekanisme for at forhindre raslen<\/li>\n<li>Integreret QD-drejef\u00e6ste og 1,25&#8243; rem\u00f8je<\/li>\n<li>Kompatibel med forskellige remf\u00e6ster<\/li>\n<\/ul>\n<p>Specifikationer: 263 g v\u00e6gt, 8,4 cm justeringsomr\u00e5de, passer til Mil-Spec r\u00f8r fra Colt, LMT, Ruger, S&amp;W, SIG og andre.<\/p>\n<p><strong>Bem\u00e6rk:<\/strong> S\u00f8rg for kompatibilitet med dit modtagerr\u00f8rs st\u00f8rrelse f\u00f8r k\u00f8b.<\/p>\n","protected":false},"excerpt":{"rendered":"<p>Elegant, justerbar AR15\/M4 sk\u00e6fte. Frig\u00f8relse i begge sider, skridsikker pude, QD-beslag.<\/p>\n","protected":false},"featured_media":237981,"template":"","meta":{"_acf_changed":false},"product_brand":[11545],"product_cat":[13139,13088,13099],"product_tag":[],"class_list":{"0":"post-289189","1":"product","2":"type-product","3":"status-publish","4":"has-post-thumbnail","6":"product_brand-magpul","7":"product_cat-riffel","8":"product_cat-riffel-tuning","9":"product_cat-riffelskaefter","11":"first","12":"outofstock","13":"taxable","14":"shipping-taxable","15":"purchasable","16":"product-type-simple"},"acf":[],"_links":{"self":[{"href":"https:\/\/staging.nbg.eu\/da\/wp-json\/wp\/v2\/product\/289189","targetHints":{"allow":["GET"]}}],"collection":[{"href":"https:\/\/staging.nbg.eu\/da\/wp-json\/wp\/v2\/product"}],"about":[{"href":"https:\/\/staging.nbg.eu\/da\/wp-json\/wp\/v2\/types\/product"}],"wp:featuredmedia":[{"embeddable":true,"href":"https:\/\/staging.nbg.eu\/da\/wp-json\/wp\/v2\/media\/237981"}],"wp:attachment":[{"href":"https:\/\/staging.nbg.eu\/da\/wp-json\/wp\/v2\/media?parent=289189"}],"wp:term":[{"taxonomy":"product_brand","embeddable":true,"href":"https:\/\/staging.nbg.eu\/da\/wp-json\/wp\/v2\/product_brand?post=289189"},{"taxonomy":"product_cat","embeddable":true,"href":"https:\/\/staging.nbg.eu\/da\/wp-json\/wp\/v2\/product_cat?post=289189"},{"taxonomy":"product_tag","embeddable":true,"href":"https:\/\/staging.nbg.eu\/da\/wp-json\/wp\/v2\/product_tag?post=289189"}],"curies":[{"name":"wp","href":"https:\/\/api.w.org\/{rel}","templated":true}]}}