{"id":289073,"date":"2025-03-05T07:17:43","date_gmt":"2025-03-26T19:43:56","guid":{"rendered":"https:\/\/staging.nbg.eu\/prodcut\/magpul-ctr-carbine-stock-for-ar15-m4\/"},"modified":"2025-03-26T19:46:21","modified_gmt":"2025-03-26T19:46:21","slug":"magpul-ctr-carbine-stock-for-ar15-m4","status":"publish","type":"product","link":"https:\/\/staging.nbg.eu\/da\/vare\/magpul-ctr-carbine-stock-for-ar15-m4\/","title":{"rendered":"Magpul &#8211; CTR\u2122 Carbine Stock for AR15 \/ M4"},"content":{"rendered":"<div class=\"product-description\">\n<h2>Magpul CTR\u2122 Karbinkolbe til AR15 \/ M4<\/h2>\n<p>Magpul CTR (Compact\/Type Restricted) \u2013 Mil-Spec model til AR15 \/ M16 karbiner. Denne udskiftelige kolbe er designet til let og hurtig handling, med f\u00f8lgende egenskaber:<\/p>\n<ul>\n<li>A-ramme profil for at undg\u00e5 at h\u00e6nge fast<\/li>\n<li>Beskyttet udl\u00f8serl\u00e5s for at forhindre utilsigtet aktivering<\/li>\n<li>Supplerende friktionsl\u00e5sesystem for \u00f8get v\u00e5benstabilitet<\/li>\n<li>Ambidekstr\u00f8st QD-rembeslag kompatibelt med trykknap-rembeslag<\/li>\n<li>0,3&#8243; tyk gummibagplade for skulderplacering<\/li>\n<\/ul>\n<p>Kompatibel med Mil-Spec st\u00f8rrelsesmodtagerr\u00f8r, denne amerikansk-producerede kolbe tilbyder en l\u00e6ngdejusteringsomr\u00e5de p\u00e5 3,3 tommer. Med en maksimal l\u00e6ngde p\u00e5 7,0 tommer og en v\u00e6gt p\u00e5 8,9 oz, giver CTR-kolben funktionalitet og komfort til din karbine.<\/p>\n<p><strong>Bem\u00e6rk:<\/strong> Kun kompatibel med Mil-Spec modtagerr\u00f8r. S\u00f8rg for, at din karbine har det korrekte r\u00f8r f\u00f8r k\u00f8b.<\/p>\n<\/div>\n","protected":false},"excerpt":{"rendered":"<p>Kompakt AR15\/M4 sk\u00e6fte. Str\u00f8mlinet, stabilt, med hurtigkobling til v\u00e5benrem.<\/p>\n","protected":false},"featured_media":237489,"template":"","meta":{"_acf_changed":false},"product_brand":[11545],"product_cat":[13139,13088,13099],"product_tag":[],"class_list":{"0":"post-289073","1":"product","2":"type-product","3":"status-publish","4":"has-post-thumbnail","6":"product_brand-magpul","7":"product_cat-riffel","8":"product_cat-riffel-tuning","9":"product_cat-riffelskaefter","11":"first","12":"instock","13":"taxable","14":"shipping-taxable","15":"purchasable","16":"product-type-simple"},"acf":[],"_links":{"self":[{"href":"https:\/\/staging.nbg.eu\/da\/wp-json\/wp\/v2\/product\/289073","targetHints":{"allow":["GET"]}}],"collection":[{"href":"https:\/\/staging.nbg.eu\/da\/wp-json\/wp\/v2\/product"}],"about":[{"href":"https:\/\/staging.nbg.eu\/da\/wp-json\/wp\/v2\/types\/product"}],"wp:featuredmedia":[{"embeddable":true,"href":"https:\/\/staging.nbg.eu\/da\/wp-json\/wp\/v2\/media\/237489"}],"wp:attachment":[{"href":"https:\/\/staging.nbg.eu\/da\/wp-json\/wp\/v2\/media?parent=289073"}],"wp:term":[{"taxonomy":"product_brand","embeddable":true,"href":"https:\/\/staging.nbg.eu\/da\/wp-json\/wp\/v2\/product_brand?post=289073"},{"taxonomy":"product_cat","embeddable":true,"href":"https:\/\/staging.nbg.eu\/da\/wp-json\/wp\/v2\/product_cat?post=289073"},{"taxonomy":"product_tag","embeddable":true,"href":"https:\/\/staging.nbg.eu\/da\/wp-json\/wp\/v2\/product_tag?post=289073"}],"curies":[{"name":"wp","href":"https:\/\/api.w.org\/{rel}","templated":true}]}}