{"id":288833,"date":"2025-03-05T10:45:22","date_gmt":"2025-03-05T10:45:22","guid":{"rendered":"https:\/\/staging.nbg.eu\/prodcut\/magpul-pmag-ar-m4-gen-m3-10rds\/"},"modified":"2025-03-26T19:09:49","modified_gmt":"2025-03-26T19:09:49","slug":"magpul-pmag-ar-m4-gen-m3-10rds","status":"publish","type":"product","link":"https:\/\/staging.nbg.eu\/da\/vare\/magpul-pmag-ar-m4-gen-m3-10rds\/","title":{"rendered":"Magpul &#8211; PMAG\u00ae AR\/M4 GEN M3\u2122"},"content":{"rendered":"<h2>Magpul &#8211; PMAG\u00ae AR\/M4 GEN M3\u2122<\/h2>\n<p>PMAG 10 GEN M3 er et 10-skuds polymermagasin til AR15\/M4-kompatible v\u00e5ben. Dette magasin tilbyder:<\/p>\n<ul>\n<li>Styrke og holdbarhed med polymerkonstruktion<\/li>\n<li>Kompatibilitet med forskellige platforme, inklusive HK\u00ae 416 og FN\u00ae SCAR\u2122 MK 16\/16S<\/li>\n<li>P\u00e5lidelig tilf\u00f8rsel med en fire-vejs anti-vip f\u00f8lger<\/li>\n<li>Nem adskillelse og forbedret faldbeskytte med en udvidet bundplade<\/li>\n<li>J\u00e6vn funktion takket v\u00e6re konstant-kurvet intern geometri<\/li>\n<li>Greb med ribbet overflade og struktureret tekstur<\/li>\n<\/ul>\n<p>Fremstillet i USA, PMAG 10 GEN M3 er velegnet til liggende skydning og taktisk alsidighed.<\/p>\n","protected":false},"excerpt":{"rendered":"<p>Holdbart 10-skuds AR15\/M4-magasin med forbedrede funktioner og kompatibilitet.<\/p>\n","protected":false},"featured_media":239084,"template":"","meta":{"_acf_changed":false},"product_brand":[11545],"product_cat":[13139,13122],"product_tag":[],"class_list":{"0":"post-288833","1":"product","2":"type-product","3":"status-publish","4":"has-post-thumbnail","6":"product_brand-magpul","7":"product_cat-riffel","8":"product_cat-riffelmagasiner","10":"first","11":"instock","12":"taxable","13":"shipping-taxable","14":"product-type-variable","15":"wvs-archive-product-wrapper"},"acf":[],"_links":{"self":[{"href":"https:\/\/staging.nbg.eu\/da\/wp-json\/wp\/v2\/product\/288833","targetHints":{"allow":["GET"]}}],"collection":[{"href":"https:\/\/staging.nbg.eu\/da\/wp-json\/wp\/v2\/product"}],"about":[{"href":"https:\/\/staging.nbg.eu\/da\/wp-json\/wp\/v2\/types\/product"}],"wp:featuredmedia":[{"embeddable":true,"href":"https:\/\/staging.nbg.eu\/da\/wp-json\/wp\/v2\/media\/239084"}],"wp:attachment":[{"href":"https:\/\/staging.nbg.eu\/da\/wp-json\/wp\/v2\/media?parent=288833"}],"wp:term":[{"taxonomy":"product_brand","embeddable":true,"href":"https:\/\/staging.nbg.eu\/da\/wp-json\/wp\/v2\/product_brand?post=288833"},{"taxonomy":"product_cat","embeddable":true,"href":"https:\/\/staging.nbg.eu\/da\/wp-json\/wp\/v2\/product_cat?post=288833"},{"taxonomy":"product_tag","embeddable":true,"href":"https:\/\/staging.nbg.eu\/da\/wp-json\/wp\/v2\/product_tag?post=288833"}],"curies":[{"name":"wp","href":"https:\/\/api.w.org\/{rel}","templated":true}]}}