{"id":288537,"date":"2025-03-05T08:00:39","date_gmt":"2025-03-26T17:59:01","guid":{"rendered":"https:\/\/staging.nbg.eu\/prodcut\/magpul-prs-gen3-precision-adjustable-stock\/"},"modified":"2025-03-26T18:01:30","modified_gmt":"2025-03-26T18:01:30","slug":"magpul-prs-gen3-precision-adjustable-stock","status":"publish","type":"product","link":"https:\/\/staging.nbg.eu\/da\/vare\/magpul-prs-gen3-precision-adjustable-stock\/","title":{"rendered":"Magpul &#8211; PRS\u00ae GEN3 Precision-Adjustable Stock"},"content":{"rendered":"<div class=\"product-description\">\n<h2>Magpul &#8211; PRS\u00ae GEN3 Justerbar Pr\u00e6cisionskolbe<\/h2>\n<p>PRS GEN3 er en pr\u00e6cisionskolbe til AR15\/M16 og AR10\/SR25 platforme, der tilbyder v\u00e6rkt\u00f8jsfri justering af l\u00e6ngde og kindst\u00f8tteh\u00f8jde. Den er designet til halvautomatiske pr\u00e6cisionsrifler og giver en stabil gr\u00e6nseflade og n\u00e6sten universel pasform.<\/p>\n<ul>\n<li>Optimeret til riffel-l\u00e6ngde modtagelsesforl\u00e6ngelser<\/li>\n<li>Kompatibel med mange Mil-Spec Carbine og A5-l\u00e6ngde r\u00f8r<\/li>\n<li>H\u00e6ldnings-\/h\u00f8jdejusterbar gummibagplade<\/li>\n<li>Rotationsbegr\u00e6nsende QD remsvivel kopper<\/li>\n<li>M-LOK\u00ae slots til montering af bageste monopod<\/li>\n<li>Fremstillet i USA<\/li>\n<\/ul>\n<p>PRS GEN3 har maskinbearbejdede aluminiumsjusteringsknapper, st\u00e5lskafter med Melonite\u00ae finish og flere remmonteringsmuligheder, og er bygget til holdbarhed og alsidighed i felten.<\/p>\n<\/div>\n","protected":false},"excerpt":{"rendered":"<p>Pr\u00e6cisions AR-sk\u00e6fte med v\u00e6rkt\u00f8jsfri justering af l\u00e6ngde og kindst\u00f8tte.<\/p>\n","protected":false},"featured_media":238354,"template":"","meta":{"_acf_changed":false},"product_brand":[11545],"product_cat":[13139,13088,13099],"product_tag":[],"class_list":{"0":"post-288537","1":"product","2":"type-product","3":"status-publish","4":"has-post-thumbnail","6":"product_brand-magpul","7":"product_cat-riffel","8":"product_cat-riffel-tuning","9":"product_cat-riffelskaefter","11":"first","12":"instock","13":"taxable","14":"shipping-taxable","15":"purchasable","16":"product-type-variable","17":"wvs-archive-product-wrapper"},"acf":[],"_links":{"self":[{"href":"https:\/\/staging.nbg.eu\/da\/wp-json\/wp\/v2\/product\/288537","targetHints":{"allow":["GET"]}}],"collection":[{"href":"https:\/\/staging.nbg.eu\/da\/wp-json\/wp\/v2\/product"}],"about":[{"href":"https:\/\/staging.nbg.eu\/da\/wp-json\/wp\/v2\/types\/product"}],"wp:featuredmedia":[{"embeddable":true,"href":"https:\/\/staging.nbg.eu\/da\/wp-json\/wp\/v2\/media\/238354"}],"wp:attachment":[{"href":"https:\/\/staging.nbg.eu\/da\/wp-json\/wp\/v2\/media?parent=288537"}],"wp:term":[{"taxonomy":"product_brand","embeddable":true,"href":"https:\/\/staging.nbg.eu\/da\/wp-json\/wp\/v2\/product_brand?post=288537"},{"taxonomy":"product_cat","embeddable":true,"href":"https:\/\/staging.nbg.eu\/da\/wp-json\/wp\/v2\/product_cat?post=288537"},{"taxonomy":"product_tag","embeddable":true,"href":"https:\/\/staging.nbg.eu\/da\/wp-json\/wp\/v2\/product_tag?post=288537"}],"curies":[{"name":"wp","href":"https:\/\/api.w.org\/{rel}","templated":true}]}}