{"id":288400,"date":"2025-03-06T10:37:19","date_gmt":"2025-03-26T17:46:15","guid":{"rendered":"https:\/\/staging.nbg.eu\/prodcut\/ftcs-custom-ak-mod-9-handguard-m-lok-forward-curved\/"},"modified":"2025-03-26T17:48:53","modified_gmt":"2025-03-26T17:48:53","slug":"ftcs-custom-ak-mod-9-handguard-m-lok-forward-curved","status":"publish","type":"product","link":"https:\/\/staging.nbg.eu\/da\/vare\/ftcs-custom-ak-mod-9-handguard-m-lok-forward-curved\/","title":{"rendered":"FTCS &#8211; Custom AK Mod 9 Handguard &#8211; M-LOK &#8211; Forward Curved"},"content":{"rendered":"<h2>FTCS &#8211; Tilpasset AK Mod 9 H\u00e5ndst\u00f8tte &#8211; M-LOK &#8211; Fremadbuet<\/h2>\n<p>Tilpasset AK Mod 9 H\u00e5ndst\u00f8tte til AKM karabin. Denne fremadbuede tr\u00e6h\u00e5ndst\u00f8tte har aluminium M-LOK skinner til montering af tilbeh\u00f8r.<\/p>\n<ul>\n<li>Fremadbuet greb<\/li>\n<li>Letv\u00e6gts tr\u00e6konstruktion<\/li>\n<li>M-LOK skinner til tilbeh\u00f8r<\/li>\n<li>Kompatibel med AKM\/AKMS\/AKMN (kan kr\u00e6ve tilpasning)<\/li>\n<li>Grafit Sort H-146 Cerakote finish<\/li>\n<li>M\u00e5l: 160 x 120 x 35 mm<\/li>\n<li>V\u00e6gt: 180 g<\/li>\n<\/ul>\n<p>Tilpasset AK Mod 9 H\u00e5ndst\u00f8tte kombinerer traditionelt udseende med moderne funktionalitet.<\/p>\n","protected":false},"excerpt":{"rendered":"<p>Tr\u00e6h\u00e5ndtag til AK med M-LOK skinner, fremadbuet greb.<\/p>\n","protected":false},"featured_media":241315,"template":"","meta":{"_acf_changed":false},"product_brand":[11314],"product_cat":[13073,13139,13088,13110],"product_tag":[],"class_list":{"0":"post-288400","1":"product","2":"type-product","3":"status-publish","4":"has-post-thumbnail","6":"product_brand-ftcs","7":"product_cat-ak-tuning","8":"product_cat-riffel","9":"product_cat-riffel-tuning","10":"product_cat-riffelgreb","12":"first","13":"instock","14":"taxable","15":"shipping-taxable","16":"purchasable","17":"product-type-simple"},"acf":[],"_links":{"self":[{"href":"https:\/\/staging.nbg.eu\/da\/wp-json\/wp\/v2\/product\/288400","targetHints":{"allow":["GET"]}}],"collection":[{"href":"https:\/\/staging.nbg.eu\/da\/wp-json\/wp\/v2\/product"}],"about":[{"href":"https:\/\/staging.nbg.eu\/da\/wp-json\/wp\/v2\/types\/product"}],"wp:featuredmedia":[{"embeddable":true,"href":"https:\/\/staging.nbg.eu\/da\/wp-json\/wp\/v2\/media\/241315"}],"wp:attachment":[{"href":"https:\/\/staging.nbg.eu\/da\/wp-json\/wp\/v2\/media?parent=288400"}],"wp:term":[{"taxonomy":"product_brand","embeddable":true,"href":"https:\/\/staging.nbg.eu\/da\/wp-json\/wp\/v2\/product_brand?post=288400"},{"taxonomy":"product_cat","embeddable":true,"href":"https:\/\/staging.nbg.eu\/da\/wp-json\/wp\/v2\/product_cat?post=288400"},{"taxonomy":"product_tag","embeddable":true,"href":"https:\/\/staging.nbg.eu\/da\/wp-json\/wp\/v2\/product_tag?post=288400"}],"curies":[{"name":"wp","href":"https:\/\/api.w.org\/{rel}","templated":true}]}}