{"id":288264,"date":"2025-03-06T10:32:44","date_gmt":"2025-03-06T10:32:44","guid":{"rendered":"https:\/\/staging.nbg.eu\/prodcut\/ftcs-custom-ak-mod-7-handguard-m-lok-short-forward-curved\/"},"modified":"2025-03-26T17:38:07","modified_gmt":"2025-03-26T17:38:07","slug":"ftcs-custom-ak-mod-7-handguard-m-lok-short-forward-curved","status":"publish","type":"product","link":"https:\/\/staging.nbg.eu\/da\/vare\/ftcs-custom-ak-mod-7-handguard-m-lok-short-forward-curved\/","title":{"rendered":"FTCS &#8211; Custom AK Mod 7 Handguard &#8211; M-LOK &#8211; Short Forward Curved"},"content":{"rendered":"<div class=\"product-description\">\n<h2>FTCS &#8211; AK Mod 7 H\u00e5ndtag &#8211; M-LOK &#8211; Kort Fremadbuet<\/h2>\n<p>AK Mod 7 H\u00e5ndtag med kort fremadbuet design. Dette tr\u00e6h\u00e5ndtag kombinerer klassisk udseende med moderne funktionalitet.<\/p>\n<h2>Hovedfunktioner:<\/h2>\n<ul>\n<li>Kort fremadbuet frontgreb<\/li>\n<li>Tr\u00e6 konstruktion (180g)<\/li>\n<li>Integrerede aluminium M-LOK skinner<\/li>\n<li>Kompatibel med AKM, AKMS og AKMN karbiner (tilpasning kan v\u00e6re n\u00f8dvendig)<\/li>\n<li>Grafit Sort H-146 Cerakote overflade<\/li>\n<\/ul>\n<p>M-LOK udstyret tr\u00e6h\u00e5ndtag. Mulighed for montering af tilbeh\u00f8r som lommelygter og lasere. Bem\u00e6rk: Ikke kompatibel med fr\u00e6sede AK karbiner uden modifikation.<\/p>\n<p>Dimensioner: 160 x 120 x 35 mm<\/p>\n<\/div>\n","protected":false},"excerpt":{"rendered":"<p>FTCS AK Mod 7 h\u00e5ndst\u00f8tte: Kort, buet tr\u00e6 med M-LOK-skinner.<\/p>\n","protected":false},"featured_media":241199,"template":"","meta":{"_acf_changed":false},"product_brand":[11314],"product_cat":[13073,13139,13088,13087],"product_tag":[],"class_list":{"0":"post-288264","1":"product","2":"type-product","3":"status-publish","4":"has-post-thumbnail","6":"product_brand-ftcs","7":"product_cat-ak-tuning","8":"product_cat-riffel","9":"product_cat-riffel-tuning","10":"product_cat-skinner","12":"first","13":"outofstock","14":"taxable","15":"shipping-taxable","16":"purchasable","17":"product-type-simple"},"acf":[],"_links":{"self":[{"href":"https:\/\/staging.nbg.eu\/da\/wp-json\/wp\/v2\/product\/288264","targetHints":{"allow":["GET"]}}],"collection":[{"href":"https:\/\/staging.nbg.eu\/da\/wp-json\/wp\/v2\/product"}],"about":[{"href":"https:\/\/staging.nbg.eu\/da\/wp-json\/wp\/v2\/types\/product"}],"wp:featuredmedia":[{"embeddable":true,"href":"https:\/\/staging.nbg.eu\/da\/wp-json\/wp\/v2\/media\/241199"}],"wp:attachment":[{"href":"https:\/\/staging.nbg.eu\/da\/wp-json\/wp\/v2\/media?parent=288264"}],"wp:term":[{"taxonomy":"product_brand","embeddable":true,"href":"https:\/\/staging.nbg.eu\/da\/wp-json\/wp\/v2\/product_brand?post=288264"},{"taxonomy":"product_cat","embeddable":true,"href":"https:\/\/staging.nbg.eu\/da\/wp-json\/wp\/v2\/product_cat?post=288264"},{"taxonomy":"product_tag","embeddable":true,"href":"https:\/\/staging.nbg.eu\/da\/wp-json\/wp\/v2\/product_tag?post=288264"}],"curies":[{"name":"wp","href":"https:\/\/api.w.org\/{rel}","templated":true}]}}