{"id":288151,"date":"2025-03-06T10:17:52","date_gmt":"2025-03-26T17:21:15","guid":{"rendered":"https:\/\/staging.nbg.eu\/prodcut\/ftcs-dong-handguard-m-lok-akm\/"},"modified":"2025-03-26T17:23:37","modified_gmt":"2025-03-26T17:23:37","slug":"ftcs-dong-handguard-m-lok-akm","status":"publish","type":"product","link":"https:\/\/staging.nbg.eu\/da\/vare\/ftcs-dong-handguard-m-lok-akm\/","title":{"rendered":"FTCS &#8211; &#8220;Dong&#8221; Handguard &#8211; M-LOK &#8211; AKM"},"content":{"rendered":"<div class=\"product-description\">\n<h2>FTCS &#8211; &#8220;Dong&#8221; H\u00e5ndsk\u00e6rm &#8211; M-LOK &#8211; AKM<\/h2>\n<p>FTCS &#8220;Dong&#8221; H\u00e5ndsk\u00e6rm til AKM\/AKMS rifler. Denne AIMS-stil h\u00e5ndsk\u00e6rm har f\u00f8lgende egenskaber:<\/p>\n<ul>\n<li>Letv\u00e6gts tr\u00e6konstruktion<\/li>\n<li>Integreret frontgreb<\/li>\n<li>M-LOK beslag til tilbeh\u00f8r<\/li>\n<li>Kompatibel med underfoldende sk\u00e6fter<\/li>\n<li>Sort Cerakote finish<\/li>\n<\/ul>\n<p>H\u00e5ndsk\u00e6rmen vejer 141g og m\u00e5ler 160x120x35mm. De sidemonterede M-LOK skinner muligg\u00f8r montering af lys, lasere og andet tilbeh\u00f8r.<\/p>\n<p>FTCS &#8220;Dong&#8221; H\u00e5ndsk\u00e6rm til AKM er nu tilg\u00e6ngelig.<\/p>\n<\/div>\n","protected":false},"excerpt":{"rendered":"<p>Klassisk AIMS-stil tr\u00e6-h\u00e5ndst\u00f8tte til AKM med M-LOK-skinner.<\/p>\n","protected":false},"featured_media":240989,"template":"","meta":{"_acf_changed":false},"product_brand":[11314],"product_cat":[13073,13088,13110],"product_tag":[],"class_list":{"0":"post-288151","1":"product","2":"type-product","3":"status-publish","4":"has-post-thumbnail","6":"product_brand-ftcs","7":"product_cat-ak-tuning","8":"product_cat-riffel-tuning","9":"product_cat-riffelgreb","11":"first","12":"instock","13":"taxable","14":"shipping-taxable","15":"purchasable","16":"product-type-simple"},"acf":[],"_links":{"self":[{"href":"https:\/\/staging.nbg.eu\/da\/wp-json\/wp\/v2\/product\/288151","targetHints":{"allow":["GET"]}}],"collection":[{"href":"https:\/\/staging.nbg.eu\/da\/wp-json\/wp\/v2\/product"}],"about":[{"href":"https:\/\/staging.nbg.eu\/da\/wp-json\/wp\/v2\/types\/product"}],"wp:featuredmedia":[{"embeddable":true,"href":"https:\/\/staging.nbg.eu\/da\/wp-json\/wp\/v2\/media\/240989"}],"wp:attachment":[{"href":"https:\/\/staging.nbg.eu\/da\/wp-json\/wp\/v2\/media?parent=288151"}],"wp:term":[{"taxonomy":"product_brand","embeddable":true,"href":"https:\/\/staging.nbg.eu\/da\/wp-json\/wp\/v2\/product_brand?post=288151"},{"taxonomy":"product_cat","embeddable":true,"href":"https:\/\/staging.nbg.eu\/da\/wp-json\/wp\/v2\/product_cat?post=288151"},{"taxonomy":"product_tag","embeddable":true,"href":"https:\/\/staging.nbg.eu\/da\/wp-json\/wp\/v2\/product_tag?post=288151"}],"curies":[{"name":"wp","href":"https:\/\/api.w.org\/{rel}","templated":true}]}}