{"id":287643,"date":"2025-03-05T11:33:07","date_gmt":"2025-03-05T11:33:07","guid":{"rendered":"https:\/\/staging.nbg.eu\/prodcut\/clawgear-ak47-medium-slick-handguard-m-lok\/"},"modified":"2025-03-26T12:48:19","modified_gmt":"2025-03-26T12:48:19","slug":"clawgear-ak47-medium-slick-handguard-m-lok","status":"publish","type":"product","link":"https:\/\/staging.nbg.eu\/da\/vare\/clawgear-ak47-medium-slick-handguard-m-lok\/","title":{"rendered":"Clawgear AK47 Medium Slick Handguard M-LOK"},"content":{"rendered":"<div class=\"product-description\">\n<h2>Clawgear AK47 Medium Slick H\u00e5ndst\u00f8tte M-LOK<\/h2>\n<p>H\u00e5ndst\u00f8tte til AK47 fra Clawgear. Den har en mat sort overfladebel\u00e6gning for at reducere refleksioner. M-LOK monteringssystem muligg\u00f8r montering af tilbeh\u00f8r, og den har et QD-remfastg\u00f8relsespunkt.<\/p>\n<ul>\n<li>Kompatibel med stemplede og fr\u00e6sede receivere<\/li>\n<li>Fremstillet af 6061 aluminium<\/li>\n<li>MIL-SPEC Type III anodiseret overflade<\/li>\n<li>V\u00e6gt: 0,15 kg<\/li>\n<li>M\u00e5l: 26,2 cm (L) x 4,3 cm (B) x 4,3 cm (H)<\/li>\n<\/ul>\n<p>Denne h\u00e5ndst\u00f8tte forbedrer AK47&#8217;s funktionalitet.<\/p>\n<\/div>\n","protected":false},"excerpt":{"rendered":"<p>Let AK47-h\u00e5ndv\u00e6rn med M-LOK, QD-remb\u00f8jle og mat overflade.<\/p>\n","protected":false},"featured_media":239641,"template":"","meta":{"_acf_changed":false},"product_brand":[11220],"product_cat":[13073,13139,13088,13087],"product_tag":[],"class_list":{"0":"post-287643","1":"product","2":"type-product","3":"status-publish","4":"has-post-thumbnail","6":"product_brand-clawgear","7":"product_cat-ak-tuning","8":"product_cat-riffel","9":"product_cat-riffel-tuning","10":"product_cat-skinner","12":"first","13":"instock","14":"taxable","15":"shipping-taxable","16":"purchasable","17":"product-type-simple"},"acf":[],"_links":{"self":[{"href":"https:\/\/staging.nbg.eu\/da\/wp-json\/wp\/v2\/product\/287643","targetHints":{"allow":["GET"]}}],"collection":[{"href":"https:\/\/staging.nbg.eu\/da\/wp-json\/wp\/v2\/product"}],"about":[{"href":"https:\/\/staging.nbg.eu\/da\/wp-json\/wp\/v2\/types\/product"}],"wp:featuredmedia":[{"embeddable":true,"href":"https:\/\/staging.nbg.eu\/da\/wp-json\/wp\/v2\/media\/239641"}],"wp:attachment":[{"href":"https:\/\/staging.nbg.eu\/da\/wp-json\/wp\/v2\/media?parent=287643"}],"wp:term":[{"taxonomy":"product_brand","embeddable":true,"href":"https:\/\/staging.nbg.eu\/da\/wp-json\/wp\/v2\/product_brand?post=287643"},{"taxonomy":"product_cat","embeddable":true,"href":"https:\/\/staging.nbg.eu\/da\/wp-json\/wp\/v2\/product_cat?post=287643"},{"taxonomy":"product_tag","embeddable":true,"href":"https:\/\/staging.nbg.eu\/da\/wp-json\/wp\/v2\/product_tag?post=287643"}],"curies":[{"name":"wp","href":"https:\/\/api.w.org\/{rel}","templated":true}]}}