{"id":287599,"date":"2025-03-06T20:23:37","date_gmt":"2025-03-06T20:23:37","guid":{"rendered":"https:\/\/staging.nbg.eu\/prodcut\/clawgear-ak47-short-slick-handguard-m-lok\/"},"modified":"2025-03-26T12:33:23","modified_gmt":"2025-03-26T12:33:23","slug":"clawgear-ak47-kort-slick-handskaerm-m-lok","status":"publish","type":"product","link":"https:\/\/staging.nbg.eu\/da\/vare\/clawgear-ak47-kort-slick-handskaerm-m-lok\/","title":{"rendered":"Clawgear &#8211; AK47 Kort Slick H\u00e5ndsk\u00e6rm M-LOK"},"content":{"rendered":"<h2>Clawgear &#8211; AK47 Kort H\u00e5ndsk\u00e6rm M-LOK<\/h2>\n<p>Opgrad\u00e9r din AK47 med denne h\u00e5ndsk\u00e6rm, der har f\u00f8lgende egenskaber:<\/p>\n<ul>\n<li>M-LOK monteringssystem til tilbeh\u00f8r<\/li>\n<li>Mat sort overflade for at reducere refleksioner<\/li>\n<li>QD-remfastg\u00f8relsespunkt bagp\u00e5<\/li>\n<li>Kompatibel med stemplede og fr\u00e6sede receivere<\/li>\n<li>Fremstillet af 6061 aluminium<\/li>\n<li>MIL-SPEC Type III h\u00e5rd anodiseret finish<\/li>\n<\/ul>\n<p>Dimensioner: 16,4 cm (L) x 4,5 cm (B) x 4 cm (H)<\/p>\n<p>V\u00e6gt: 0,16 kg<\/p>\n<p>Forbedrer din AK47&#8217;s funktionalitet. Egnet til taktiske entusiaster og professionelle.<\/p>\n","protected":false},"excerpt":{"rendered":"<p>Let M-LOK h\u00e5ndst\u00f8tte til AK47. QD-remf\u00e6ste. Passer til forskellige modtagere.<\/p>\n","protected":false},"featured_media":245156,"template":"","meta":{"_acf_changed":false},"product_brand":[],"product_cat":[13073,13139,13088],"product_tag":[],"class_list":{"0":"post-287599","1":"product","2":"type-product","3":"status-publish","4":"has-post-thumbnail","6":"product_cat-ak-tuning","7":"product_cat-riffel","8":"product_cat-riffel-tuning","10":"first","11":"instock","12":"taxable","13":"shipping-taxable","14":"purchasable","15":"product-type-simple"},"acf":[],"_links":{"self":[{"href":"https:\/\/staging.nbg.eu\/da\/wp-json\/wp\/v2\/product\/287599","targetHints":{"allow":["GET"]}}],"collection":[{"href":"https:\/\/staging.nbg.eu\/da\/wp-json\/wp\/v2\/product"}],"about":[{"href":"https:\/\/staging.nbg.eu\/da\/wp-json\/wp\/v2\/types\/product"}],"wp:featuredmedia":[{"embeddable":true,"href":"https:\/\/staging.nbg.eu\/da\/wp-json\/wp\/v2\/media\/245156"}],"wp:attachment":[{"href":"https:\/\/staging.nbg.eu\/da\/wp-json\/wp\/v2\/media?parent=287599"}],"wp:term":[{"taxonomy":"product_brand","embeddable":true,"href":"https:\/\/staging.nbg.eu\/da\/wp-json\/wp\/v2\/product_brand?post=287599"},{"taxonomy":"product_cat","embeddable":true,"href":"https:\/\/staging.nbg.eu\/da\/wp-json\/wp\/v2\/product_cat?post=287599"},{"taxonomy":"product_tag","embeddable":true,"href":"https:\/\/staging.nbg.eu\/da\/wp-json\/wp\/v2\/product_tag?post=287599"}],"curies":[{"name":"wp","href":"https:\/\/api.w.org\/{rel}","templated":true}]}}