{"id":285345,"date":"2025-03-04T19:02:48","date_gmt":"2025-03-25T14:27:04","guid":{"rendered":"https:\/\/staging.nbg.eu\/product\/magpul-ctr-moe-cheek-riser-0-75\/"},"modified":"2025-03-25T14:29:29","modified_gmt":"2025-03-25T14:29:29","slug":"magpul-ctr-moe-kind-haever-075","status":"publish","type":"product","link":"https:\/\/staging.nbg.eu\/da\/vare\/magpul-ctr-moe-kind-haever-075\/","title":{"rendered":"Magpul &#8211; CTR \/ MOE Kind H\u00e6ver &#8211; 0.75&#8243;"},"content":{"rendered":"<div class=\"product-description\">\n<h2>Magpul &#8211; CTR \/ MOE Kindpude &#8211; 0,75&#8243;<\/h2>\n<p>Magpul CTR \/ MOE Kindpude er et tilbeh\u00f8r designet til at h\u00e6ve kindst\u00f8tten med 1,9 cm, hvilket giver forbedret komfort og sigtelinjepositionering til forskellige v\u00e5benanvendelser.<\/p>\n<ul>\n<li>Kompatibel med CTR, MOE\u00ae, DT og PR karbinsk\u00e6fter<\/li>\n<li>Velegnet til ikke-AR15\/M4 ops\u00e6tninger, s\u00e5som M14 karbinsk\u00e6fte-konverteringer<\/li>\n<li>Nem clip-on installation<\/li>\n<li>Fremstillet i USA<\/li>\n<li>NSN: MAG327-BLK 1005-01-591-6041<\/li>\n<\/ul>\n<p><strong>Bem\u00e6rk:<\/strong> Kan forstyrre ladegrebsfunktionen p\u00e5 AR15\/M4 platforme, medmindre sk\u00e6ftet er fuldt udstrakt.<\/p>\n<\/div>\n","protected":false},"excerpt":{"rendered":"<p>&#8220;P\u00e5klipbar 1,9 cm kindh\u00f8jdejustering for \u00f8get komfort og pr\u00e6cision.&#8221;<\/p>\n","protected":false},"featured_media":237145,"template":"","meta":{"_acf_changed":false},"product_brand":[11545],"product_cat":[13139,13088,13099],"product_tag":[],"class_list":{"0":"post-285345","1":"product","2":"type-product","3":"status-publish","4":"has-post-thumbnail","6":"product_brand-magpul","7":"product_cat-riffel","8":"product_cat-riffel-tuning","9":"product_cat-riffelskaefter","11":"first","12":"instock","13":"taxable","14":"shipping-taxable","15":"purchasable","16":"product-type-variable","17":"wvs-archive-product-wrapper"},"acf":[],"_links":{"self":[{"href":"https:\/\/staging.nbg.eu\/da\/wp-json\/wp\/v2\/product\/285345","targetHints":{"allow":["GET"]}}],"collection":[{"href":"https:\/\/staging.nbg.eu\/da\/wp-json\/wp\/v2\/product"}],"about":[{"href":"https:\/\/staging.nbg.eu\/da\/wp-json\/wp\/v2\/types\/product"}],"wp:featuredmedia":[{"embeddable":true,"href":"https:\/\/staging.nbg.eu\/da\/wp-json\/wp\/v2\/media\/237145"}],"wp:attachment":[{"href":"https:\/\/staging.nbg.eu\/da\/wp-json\/wp\/v2\/media?parent=285345"}],"wp:term":[{"taxonomy":"product_brand","embeddable":true,"href":"https:\/\/staging.nbg.eu\/da\/wp-json\/wp\/v2\/product_brand?post=285345"},{"taxonomy":"product_cat","embeddable":true,"href":"https:\/\/staging.nbg.eu\/da\/wp-json\/wp\/v2\/product_cat?post=285345"},{"taxonomy":"product_tag","embeddable":true,"href":"https:\/\/staging.nbg.eu\/da\/wp-json\/wp\/v2\/product_tag?post=285345"}],"curies":[{"name":"wp","href":"https:\/\/api.w.org\/{rel}","templated":true}]}}