{"id":285004,"date":"2025-03-02T07:13:28","date_gmt":"2025-03-25T14:09:14","guid":{"rendered":"https:\/\/staging.nbg.eu\/product\/the-railchanger-from-area-419-armageddon-gear-and-reasor-precision\/"},"modified":"2025-03-25T14:11:42","modified_gmt":"2025-03-25T14:11:42","slug":"the-railchanger-fra-area-419-armageddon-gear-og-reasor-precision","status":"publish","type":"product","link":"https:\/\/staging.nbg.eu\/da\/vare\/the-railchanger-fra-area-419-armageddon-gear-og-reasor-precision\/","title":{"rendered":"The RailChanger \u2013 Fra Area 419, Armageddon Gear og Reasor Precision"},"content":{"rendered":"<div class=\"product-description\">\n<h2>RailChanger: GripChanger-udgave<\/h2>\n<p>Den nyeste tilf\u00f8jelse til RailChanger-serien: GripChanger. Denne kompakte taske er velegnet til hurtig positionsopbygning og brug i sm\u00e5 \u00e5bninger.<\/p>\n<h2>Egenskaber:<\/h2>\n<ul>\n<li>Lille, skridsikker og t\u00e6tpakket<\/li>\n<li>Vejer cirka 450 gram<\/li>\n<li>Kan fastg\u00f8res p\u00e5 enhver overflade<\/li>\n<li>Giver en stabil platform til hurtig ops\u00e6tning<\/li>\n<\/ul>\n<h2>S\u00e6ttet indeholder:<\/h2>\n<ul>\n<li>1 Area 419 GripChanger-taske<\/li>\n<li>1 ARCALOCK-klemme<\/li>\n<li>1 Area 419 Rail Changer-arm<\/li>\n<\/ul>\n<h2>Specifikationer:<\/h2>\n<ul>\n<li>V\u00e6gt: 450 gram<\/li>\n<li>M\u00e5l: 25,4 \u00d7 7,6 \u00d7 5,1 cm<\/li>\n<li>Producent: Armageddon Gear<\/li>\n<\/ul>\n<p>GripChanger er et samarbejde mellem Area 419, Armageddon Gear og Reasor Precision.<\/p>\n<\/div>\n","protected":false},"excerpt":{"rendered":"<p>Alsidig, skridsikker taske til hurtige, stabile skydestillinger.<\/p>\n","protected":false},"featured_media":233695,"template":"","meta":{"_acf_changed":false},"product_brand":[11042],"product_cat":[13139],"product_tag":[],"class_list":{"0":"post-285004","1":"product","2":"type-product","3":"status-publish","4":"has-post-thumbnail","6":"product_brand-area-419","7":"product_cat-riffel","9":"first","10":"instock","11":"taxable","12":"shipping-taxable","13":"purchasable","14":"product-type-variable","15":"wvs-archive-product-wrapper"},"acf":[],"_links":{"self":[{"href":"https:\/\/staging.nbg.eu\/da\/wp-json\/wp\/v2\/product\/285004","targetHints":{"allow":["GET"]}}],"collection":[{"href":"https:\/\/staging.nbg.eu\/da\/wp-json\/wp\/v2\/product"}],"about":[{"href":"https:\/\/staging.nbg.eu\/da\/wp-json\/wp\/v2\/types\/product"}],"wp:featuredmedia":[{"embeddable":true,"href":"https:\/\/staging.nbg.eu\/da\/wp-json\/wp\/v2\/media\/233695"}],"wp:attachment":[{"href":"https:\/\/staging.nbg.eu\/da\/wp-json\/wp\/v2\/media?parent=285004"}],"wp:term":[{"taxonomy":"product_brand","embeddable":true,"href":"https:\/\/staging.nbg.eu\/da\/wp-json\/wp\/v2\/product_brand?post=285004"},{"taxonomy":"product_cat","embeddable":true,"href":"https:\/\/staging.nbg.eu\/da\/wp-json\/wp\/v2\/product_cat?post=285004"},{"taxonomy":"product_tag","embeddable":true,"href":"https:\/\/staging.nbg.eu\/da\/wp-json\/wp\/v2\/product_tag?post=285004"}],"curies":[{"name":"wp","href":"https:\/\/api.w.org\/{rel}","templated":true}]}}