{"id":284324,"date":"2025-03-06T20:15:14","date_gmt":"2025-03-06T20:15:14","guid":{"rendered":"https:\/\/staging.nbg.eu\/product\/clawgear-ak47-gas-tube-cover\/"},"modified":"2025-03-25T13:00:21","modified_gmt":"2025-03-25T13:00:21","slug":"clawgear-ak47-gasror-cover","status":"publish","type":"product","link":"https:\/\/staging.nbg.eu\/da\/vare\/clawgear-ak47-gasror-cover\/","title":{"rendered":"Clawgear &#8211; AK47 Gasr\u00f8r Cover"},"content":{"rendered":"<h2>Clawgear &#8211; AK47 Gasr\u00f8rd\u00e6ksel<\/h2>\n<p>AK47 Gasr\u00f8rd\u00e6ksel, designet til brug med CG Slimline H\u00e5ndst\u00f8tte. Dette tilbeh\u00f8r har:<\/p>\n<ul>\n<li>Mil-STD 1913 Picatinny \/ Stanag 4694 skinne p\u00e5 toppen<\/li>\n<li>Konstrueret af aluminium<\/li>\n<li>Sort h\u00e5rd bel\u00e6gning<\/li>\n<\/ul>\n<p>Dette gasr\u00f8rd\u00e6ksel er 10 cm langt og vejer 80g.<\/p>\n<p><strong>Bem\u00e6rk:<\/strong> Dette produkt er <em>kun<\/em> kompatibelt med Clawgear AK47 Slimline H\u00e5ndst\u00f8tte.<\/p>\n<p>Clawgear AK47 Gasr\u00f8rd\u00e6ksel \u2013 et tilbeh\u00f8r til din AK47.<\/p>\n","protected":false},"excerpt":{"rendered":"<p>Holdbar AK47 gasr\u00f8rsd\u00e6ksel med Picatinny-skinne til Slimline h\u00e5ndst\u00f8tte.<\/p>\n","protected":false},"featured_media":244879,"template":"","meta":{"_acf_changed":false},"product_brand":[11220],"product_cat":[13073,13139,13087],"product_tag":[],"class_list":{"0":"post-284324","1":"product","2":"type-product","3":"status-publish","4":"has-post-thumbnail","6":"product_brand-clawgear","7":"product_cat-ak-tuning","8":"product_cat-riffel","9":"product_cat-skinner","11":"first","12":"instock","13":"taxable","14":"shipping-taxable","15":"purchasable","16":"product-type-simple"},"acf":[],"_links":{"self":[{"href":"https:\/\/staging.nbg.eu\/da\/wp-json\/wp\/v2\/product\/284324","targetHints":{"allow":["GET"]}}],"collection":[{"href":"https:\/\/staging.nbg.eu\/da\/wp-json\/wp\/v2\/product"}],"about":[{"href":"https:\/\/staging.nbg.eu\/da\/wp-json\/wp\/v2\/types\/product"}],"wp:featuredmedia":[{"embeddable":true,"href":"https:\/\/staging.nbg.eu\/da\/wp-json\/wp\/v2\/media\/244879"}],"wp:attachment":[{"href":"https:\/\/staging.nbg.eu\/da\/wp-json\/wp\/v2\/media?parent=284324"}],"wp:term":[{"taxonomy":"product_brand","embeddable":true,"href":"https:\/\/staging.nbg.eu\/da\/wp-json\/wp\/v2\/product_brand?post=284324"},{"taxonomy":"product_cat","embeddable":true,"href":"https:\/\/staging.nbg.eu\/da\/wp-json\/wp\/v2\/product_cat?post=284324"},{"taxonomy":"product_tag","embeddable":true,"href":"https:\/\/staging.nbg.eu\/da\/wp-json\/wp\/v2\/product_tag?post=284324"}],"curies":[{"name":"wp","href":"https:\/\/api.w.org\/{rel}","templated":true}]}}