{"id":284162,"date":"2025-03-05T08:21:40","date_gmt":"2025-03-25T10:47:00","guid":{"rendered":"https:\/\/staging.nbg.eu\/product\/magpul-moe-sl-enhanced-rubber-butt-pad-0-70\/"},"modified":"2025-03-25T10:50:00","modified_gmt":"2025-03-25T10:50:00","slug":"magpul-moe-sl-forbedret-gummi-kolbepude-070","status":"publish","type":"product","link":"https:\/\/staging.nbg.eu\/da\/vare\/magpul-moe-sl-forbedret-gummi-kolbepude-070\/","title":{"rendered":"Magpul &#8211; MOE SL\u00ae Forbedret Gummi Kolbepude, 0.70"},"content":{"rendered":"<h2>Magpul &#8211; MOE SL\u00ae Forbedret Gummi Kolbekappe, 0,70 tommer<\/h2>\n<p>Opgrader din Magpul-kolbe med MOE SL\u00ae Forbedret Gummi Kolbekappe, 0,70&#8243;. Denne direkte erstatning tilbyder forbedret komfort og funktionalitet til dit v\u00e5ben.<\/p>\n<h3>Hovedfunktioner:<\/h3>\n<ul>\n<li>Kompatibel med DT Carbine, MOE SL\u00ae, MOE\u00ae SL-S\u2122, UBR\u00ae GEN2, MOE\u00ae AK, Zhukov-S\u00ae, X-22 Backpacker og PC Backpacker kolber<\/li>\n<li>Skridsikker ribbet tekstur for sikker h\u00e5ndtering<\/li>\n<li>Tykkere, ventileret design for \u00f8get komfort<\/li>\n<li>Tilf\u00f8jer cirka 0,95 cm til l\u00e6ngden af tr\u00e6k<\/li>\n<li>Vejer mindre end 28 gram<\/li>\n<li>Vinklet, tandet t\u00e5 for nem montering<\/li>\n<li>Buet top for behagelig skulderplacering<\/li>\n<\/ul>\n<p>Fremstillet i USA, denne kolbekappe kombinerer holdbarhed med forbedret design. Den monteres nemt med eksisterende hardware og giver en \u00f8jeblikkelig opgradering til din Magpul-kolbe.<\/p>\n<p><strong>Forbedre din skydeerfaring med Magpul MOE SL\u00ae Forbedret Gummi Kolbekappe i dag.<\/strong><\/p>\n","protected":false},"excerpt":{"rendered":"<p>Komfortabel, skridsikker 17,8 mm gummibagkappe til Magpul-sk\u00e6fter.<\/p>\n","protected":false},"featured_media":238687,"template":"","meta":{"_acf_changed":false},"product_brand":[11545],"product_cat":[13139,13088,13099],"product_tag":[],"class_list":{"0":"post-284162","1":"product","2":"type-product","3":"status-publish","4":"has-post-thumbnail","6":"product_brand-magpul","7":"product_cat-riffel","8":"product_cat-riffel-tuning","9":"product_cat-riffelskaefter","11":"first","12":"instock","13":"taxable","14":"shipping-taxable","15":"purchasable","16":"product-type-simple"},"acf":[],"_links":{"self":[{"href":"https:\/\/staging.nbg.eu\/da\/wp-json\/wp\/v2\/product\/284162","targetHints":{"allow":["GET"]}}],"collection":[{"href":"https:\/\/staging.nbg.eu\/da\/wp-json\/wp\/v2\/product"}],"about":[{"href":"https:\/\/staging.nbg.eu\/da\/wp-json\/wp\/v2\/types\/product"}],"wp:featuredmedia":[{"embeddable":true,"href":"https:\/\/staging.nbg.eu\/da\/wp-json\/wp\/v2\/media\/238687"}],"wp:attachment":[{"href":"https:\/\/staging.nbg.eu\/da\/wp-json\/wp\/v2\/media?parent=284162"}],"wp:term":[{"taxonomy":"product_brand","embeddable":true,"href":"https:\/\/staging.nbg.eu\/da\/wp-json\/wp\/v2\/product_brand?post=284162"},{"taxonomy":"product_cat","embeddable":true,"href":"https:\/\/staging.nbg.eu\/da\/wp-json\/wp\/v2\/product_cat?post=284162"},{"taxonomy":"product_tag","embeddable":true,"href":"https:\/\/staging.nbg.eu\/da\/wp-json\/wp\/v2\/product_tag?post=284162"}],"curies":[{"name":"wp","href":"https:\/\/api.w.org\/{rel}","templated":true}]}}